{"id":9865,"date":"2019-10-10T01:25:26","date_gmt":"2019-10-10T01:25:26","guid":{"rendered":"https:\/\/alive.uy\/?page_id=9865"},"modified":"2024-04-03T15:17:13","modified_gmt":"2024-04-03T15:17:13","slug":"clinica","status":"publish","type":"page","link":"https:\/\/alive.uy\/pt-br\/clinica\/","title":{"rendered":"Cl\u00ednica"},"content":{"rendered":"<div class=\"wpb-content-wrapper\"><p>[vc_row][vc_column][rev_slider_vc alias=&#8221;clinica-pt&#8221; enable_paspartu=&#8221;no&#8221;][\/vc_column][\/vc_row][vc_row disable_element=&#8221;yes&#8221; css=&#8221;.vc_custom_1575518025803{padding-top: 5% !important;padding-right: 5% !important;padding-left: 5% !important;}&#8221;][vc_column]<div class=\"mkdf-portfolio-list-holder mkdf-pl-gallery mkdf-normal-space mkdf-pl-three-columns mkdf-pl-standard-shader  mkdf-pl-has-shadow  mkdf-pl-pag-no-pagination     \"  data-type=gallery data-number-of-columns=3 data-space-between-items=normal data-number-of-items=-1 data-image-proportions=square data-enable-fixed-proportions=no data-enable-image-shadow=yes data-category=clinica-de-belleza data-order-by=date data-order=ASC data-item-style=standard-shader data-enable-title=yes data-title-tag=h3 data-enable-category=no data-enable-count-images=yes data-enable-excerpt=yes data-excerpt-length=400 data-pagination-type=no-pagination data-filter=no data-filter-order-by=name data-filter-text-transform=uppercase data-enable-article-animation=no data-portfolio-slider-on=no data-enable-loop=yes data-enable-autoplay=yes data-slider-speed=5000 data-slider-speed-animation=600 data-enable-navigation=yes data-enable-pagination=yes data-enable-separator=yes data-max-num-pages=0 data-next-page=2>\r\n\t\t<div class=\"mkdf-pl-inner mkdf-outer-space  clearfix\">\r\n\t\t<article class=\"mkdf-pl-item mkdf-item-space  post-9972 portfolio-item type-portfolio-item status-publish has-post-thumbnail hentry portfolio-category-clinica-de-belleza-pt-br portfolio-tag-alive\">\r\n\t<div class=\"mkdf-pl-item-inner\">\r\n\t\t<div class=\"mkdf-pli-image\">\r\n\t<img loading=\"lazy\" decoding=\"async\" width=\"550\" height=\"550\" src=\"https:\/\/alive.uy\/wp-content\/uploads\/2019\/09\/VELA-SHAPE-2-550x550.jpg\" class=\"attachment-aviana_mikado_square size-aviana_mikado_square wp-post-image\" alt=\"\" srcset=\"https:\/\/alive.uy\/wp-content\/uploads\/2019\/09\/VELA-SHAPE-2-550x550.jpg 550w, https:\/\/alive.uy\/wp-content\/uploads\/2019\/09\/VELA-SHAPE-2-150x150.jpg 150w, https:\/\/alive.uy\/wp-content\/uploads\/2019\/09\/VELA-SHAPE-2-1100x1100.jpg 1100w\" sizes=\"(max-width: 550px) 100vw, 550px\" \/><\/div>\r\n<div class=\"mkdf-pli-text-holder\">\r\n\t<div class=\"mkdf-pli-text-wrapper\">\r\n\t\t<div class=\"mkdf-pli-text\">\r\n\t\t\t\t<h3 itemprop=\"name\" class=\"mkdf-pli-title entry-title\" >\r\n\t\t<a itemprop=\"url\" class=\"mkdf-block-drag-link\" href=\"https:\/\/alive.uy\/pt-br\/portfolio-item\/ultrashape-power\/\" target=\"_self\">\r\n\t\t\tULTRASHAPE POWER\t\t<\/a>\r\n\t<\/h3>\r\n\r\n\t\t\t\r\n\t\t\t\t<p itemprop=\"description\" class=\"mkdf-pli-excerpt\">\u00c9 uma alternativa n\u00e3o cir\u00fargica \u00e0 lipoaspira\u00e7\u00e3o, que conta com tecnologia de ponta, a qual garante uma maior efic\u00e1cia na redu\u00e7\u00e3o de tecido adiposo. \u00c9 um procedimento \u00fanico que elimina gordura localizada e que pode ser ajustado a cada regi\u00e3o [&hellip;]<\/p>\r\n\t\t<\/div>\r\n\t<\/div>\r\n<\/div>\t\t\r\n\t\t<a itemprop=\"url\" class=\"mkdf-pli-link mkdf-block-drag-link\" href=\"https:\/\/alive.uy\/pt-br\/portfolio-item\/ultrashape-power\/\" target=\"_self\"><\/a>\r\n\t<\/div>\r\n<\/article><article class=\"mkdf-pl-item mkdf-item-space  post-9973 portfolio-item type-portfolio-item status-publish has-post-thumbnail hentry portfolio-category-clinica-de-belleza-pt-br portfolio-tag-alive\">\r\n\t<div class=\"mkdf-pl-item-inner\">\r\n\t\t<div class=\"mkdf-pli-image\">\r\n\t<img loading=\"lazy\" decoding=\"async\" width=\"550\" height=\"550\" src=\"https:\/\/alive.uy\/wp-content\/uploads\/2019\/09\/VELLASHAPEIII-550x550.jpg\" class=\"attachment-aviana_mikado_square size-aviana_mikado_square wp-post-image\" alt=\"\" srcset=\"https:\/\/alive.uy\/wp-content\/uploads\/2019\/09\/VELLASHAPEIII-550x550.jpg 550w, https:\/\/alive.uy\/wp-content\/uploads\/2019\/09\/VELLASHAPEIII-150x150.jpg 150w, https:\/\/alive.uy\/wp-content\/uploads\/2019\/09\/VELLASHAPEIII-1100x1100.jpg 1100w\" sizes=\"(max-width: 550px) 100vw, 550px\" \/><\/div>\r\n<div class=\"mkdf-pli-text-holder\">\r\n\t<div class=\"mkdf-pli-text-wrapper\">\r\n\t\t<div class=\"mkdf-pli-text\">\r\n\t\t\t\t<h3 itemprop=\"name\" class=\"mkdf-pli-title entry-title\" >\r\n\t\t<a itemprop=\"url\" class=\"mkdf-block-drag-link\" href=\"https:\/\/alive.uy\/pt-br\/portfolio-item\/velashape-iii\/\" target=\"_self\">\r\n\t\t\tVELASHAPE III\t\t<\/a>\r\n\t<\/h3>\r\n\r\n\t\t\t\r\n\t\t\t\t<p itemprop=\"description\" class=\"mkdf-pli-excerpt\">N\u00e3o existe uma explica\u00e7\u00e3o definitiva sobre o aparecimento da celulite. Embora possa ser o resultado de um estilo de vida pouco saud\u00e1vel, tamb\u00e9m h\u00e1 outras causas, incluindo mudan\u00e7as gen\u00e9ticas ou hormonais. O VelaShape III, aprovado pela FDA (Food and Drug [&hellip;]<\/p>\r\n\t\t<\/div>\r\n\t<\/div>\r\n<\/div>\t\t\r\n\t\t<a itemprop=\"url\" class=\"mkdf-pli-link mkdf-block-drag-link\" href=\"https:\/\/alive.uy\/pt-br\/portfolio-item\/velashape-iii\/\" target=\"_self\"><\/a>\r\n\t<\/div>\r\n<\/article><article class=\"mkdf-pl-item mkdf-item-space  post-9974 portfolio-item type-portfolio-item status-publish has-post-thumbnail hentry portfolio-category-clinica-de-belleza-pt-br portfolio-tag-alive\">\r\n\t<div class=\"mkdf-pl-item-inner\">\r\n\t\t<div class=\"mkdf-pli-image\">\r\n\t<img loading=\"lazy\" decoding=\"async\" width=\"550\" height=\"550\" src=\"https:\/\/alive.uy\/wp-content\/uploads\/2019\/09\/VIORA-1-550x550.jpg\" class=\"attachment-aviana_mikado_square size-aviana_mikado_square wp-post-image\" alt=\"\" srcset=\"https:\/\/alive.uy\/wp-content\/uploads\/2019\/09\/VIORA-1-550x550.jpg 550w, https:\/\/alive.uy\/wp-content\/uploads\/2019\/09\/VIORA-1-150x150.jpg 150w, https:\/\/alive.uy\/wp-content\/uploads\/2019\/09\/VIORA-1-1100x1100.jpg 1100w\" sizes=\"(max-width: 550px) 100vw, 550px\" \/><\/div>\r\n<div class=\"mkdf-pli-text-holder\">\r\n\t<div class=\"mkdf-pli-text-wrapper\">\r\n\t\t<div class=\"mkdf-pli-text\">\r\n\t\t\t\t<h3 itemprop=\"name\" class=\"mkdf-pli-title entry-title\" >\r\n\t\t<a itemprop=\"url\" class=\"mkdf-block-drag-link\" href=\"https:\/\/alive.uy\/pt-br\/portfolio-item\/infini-radiofrecuencia-con-microneedling\/\" target=\"_self\">\r\n\t\t\tRADIOFREQU\u00caNCIA INFINI COM MICRONEEDLING\t\t<\/a>\r\n\t<\/h3>\r\n\r\n\t\t\t\r\n\t\t\t\t<p itemprop=\"description\" class=\"mkdf-pli-excerpt\">INFINI \u00e9 uma tecnologia \u00fanica que te permite controlar o processo de rejuvenescimento da pele. Voc\u00ea escolhe a profundidade de n\u00edveis de tratamento e de energia que ser\u00e3o usados em uma abordagem feita em v\u00e1rias camadas. O processo \u00e9 completamente [&hellip;]<\/p>\r\n\t\t<\/div>\r\n\t<\/div>\r\n<\/div>\t\t\r\n\t\t<a itemprop=\"url\" class=\"mkdf-pli-link mkdf-block-drag-link\" href=\"https:\/\/alive.uy\/pt-br\/portfolio-item\/infini-radiofrecuencia-con-microneedling\/\" target=\"_self\"><\/a>\r\n\t<\/div>\r\n<\/article><article class=\"mkdf-pl-item mkdf-item-space  post-9978 portfolio-item type-portfolio-item status-publish has-post-thumbnail hentry portfolio-category-clinica-de-belleza-pt-br portfolio-tag-alive\">\r\n\t<div class=\"mkdf-pl-item-inner\">\r\n\t\t<div class=\"mkdf-pli-image\">\r\n\t<img loading=\"lazy\" decoding=\"async\" width=\"550\" height=\"550\" src=\"https:\/\/alive.uy\/wp-content\/uploads\/2019\/10\/BEAUTY-CLINIC-3-e1570588409156-550x550.jpg\" class=\"attachment-aviana_mikado_square size-aviana_mikado_square wp-post-image\" alt=\"\" srcset=\"https:\/\/alive.uy\/wp-content\/uploads\/2019\/10\/BEAUTY-CLINIC-3-e1570588409156-550x550.jpg 550w, https:\/\/alive.uy\/wp-content\/uploads\/2019\/10\/BEAUTY-CLINIC-3-e1570588409156-150x150.jpg 150w, https:\/\/alive.uy\/wp-content\/uploads\/2019\/10\/BEAUTY-CLINIC-3-e1570588409156-1100x1100.jpg 1100w\" sizes=\"(max-width: 550px) 100vw, 550px\" \/><\/div>\r\n<div class=\"mkdf-pli-text-holder\">\r\n\t<div class=\"mkdf-pli-text-wrapper\">\r\n\t\t<div class=\"mkdf-pli-text\">\r\n\t\t\t\t<h3 itemprop=\"name\" class=\"mkdf-pli-title entry-title\" >\r\n\t\t<a itemprop=\"url\" class=\"mkdf-block-drag-link\" href=\"https:\/\/alive.uy\/pt-br\/portfolio-item\/radiofrecuencia-viora\/\" target=\"_self\">\r\n\t\t\tRADIOFREQU\u00caNCIA VIORA\t\t<\/a>\r\n\t<\/h3>\r\n\r\n\t\t\t\r\n\t\t\t\t<p itemprop=\"description\" class=\"mkdf-pli-excerpt\">Radiofrequ\u00eancia Viora \u00e9 a pr\u00f3xima gera\u00e7\u00e3o de tratamentos integrados para remodela\u00e7\u00e3o facial. \u00c9 eficaz, seguro, n\u00e3o invasivo e indolor. Devolve a firmeza da pele e reduz a quantidade de gordura localizada na regi\u00e3o inferior do rosto, resultando em uma linha [&hellip;]<\/p>\r\n\t\t<\/div>\r\n\t<\/div>\r\n<\/div>\t\t\r\n\t\t<a itemprop=\"url\" class=\"mkdf-pli-link mkdf-block-drag-link\" href=\"https:\/\/alive.uy\/pt-br\/portfolio-item\/radiofrecuencia-viora\/\" target=\"_self\"><\/a>\r\n\t<\/div>\r\n<\/article><article class=\"mkdf-pl-item mkdf-item-space  post-9979 portfolio-item type-portfolio-item status-publish has-post-thumbnail hentry portfolio-category-clinica-de-belleza-pt-br portfolio-tag-alive\">\r\n\t<div class=\"mkdf-pl-item-inner\">\r\n\t\t<div class=\"mkdf-pli-image\">\r\n\t<img loading=\"lazy\" decoding=\"async\" width=\"550\" height=\"550\" src=\"https:\/\/alive.uy\/wp-content\/uploads\/2019\/09\/P_K_7130-550x550.jpg\" class=\"attachment-aviana_mikado_square size-aviana_mikado_square wp-post-image\" alt=\"\" srcset=\"https:\/\/alive.uy\/wp-content\/uploads\/2019\/09\/P_K_7130-550x550.jpg 550w, https:\/\/alive.uy\/wp-content\/uploads\/2019\/09\/P_K_7130-150x150.jpg 150w, https:\/\/alive.uy\/wp-content\/uploads\/2019\/09\/P_K_7130-1100x1100.jpg 1100w\" sizes=\"(max-width: 550px) 100vw, 550px\" \/><\/div>\r\n<div class=\"mkdf-pli-text-holder\">\r\n\t<div class=\"mkdf-pli-text-wrapper\">\r\n\t\t<div class=\"mkdf-pli-text\">\r\n\t\t\t\t<h3 itemprop=\"name\" class=\"mkdf-pli-title entry-title\" >\r\n\t\t<a itemprop=\"url\" class=\"mkdf-block-drag-link\" href=\"https:\/\/alive.uy\/pt-br\/portfolio-item\/medicina-estetica-no-invasiva\/\" target=\"_self\">\r\n\t\t\tMEDICINA EST\u00c9TICA N\u00c3O INVASIVA\t\t<\/a>\r\n\t<\/h3>\r\n\r\n\t\t\t\r\n\t\t\t\t<p itemprop=\"description\" class=\"mkdf-pli-excerpt\">Radiofrequ\u00eancia facial \/ Botox \/ Luz pulsada \/ Plasma rico em plaquetas \/ Inje\u00e7\u00f5es lipol\u00edticas \/ Mesoterapia corporal e facial \/ Dosadores de gel de plasma \/ Agentes esclerosantes venosos.<\/p>\r\n\t\t<\/div>\r\n\t<\/div>\r\n<\/div>\t\t\r\n\t\t<a itemprop=\"url\" class=\"mkdf-pli-link mkdf-block-drag-link\" href=\"https:\/\/alive.uy\/pt-br\/portfolio-item\/medicina-estetica-no-invasiva\/\" target=\"_self\"><\/a>\r\n\t<\/div>\r\n<\/article><article class=\"mkdf-pl-item mkdf-item-space  post-9980 portfolio-item type-portfolio-item status-publish has-post-thumbnail hentry portfolio-category-clinica-de-belleza-pt-br portfolio-tag-alive\">\r\n\t<div class=\"mkdf-pl-item-inner\">\r\n\t\t<div class=\"mkdf-pli-image\">\r\n\t<img loading=\"lazy\" decoding=\"async\" width=\"550\" height=\"550\" src=\"https:\/\/alive.uy\/wp-content\/uploads\/2019\/09\/MASAJE-EN-LA-LAGUNA-550x550.jpg\" class=\"attachment-aviana_mikado_square size-aviana_mikado_square wp-post-image\" alt=\"\" srcset=\"https:\/\/alive.uy\/wp-content\/uploads\/2019\/09\/MASAJE-EN-LA-LAGUNA-550x550.jpg 550w, https:\/\/alive.uy\/wp-content\/uploads\/2019\/09\/MASAJE-EN-LA-LAGUNA-150x150.jpg 150w, https:\/\/alive.uy\/wp-content\/uploads\/2019\/09\/MASAJE-EN-LA-LAGUNA-1100x1100.jpg 1100w\" sizes=\"(max-width: 550px) 100vw, 550px\" \/><\/div>\r\n<div class=\"mkdf-pli-text-holder\">\r\n\t<div class=\"mkdf-pli-text-wrapper\">\r\n\t\t<div class=\"mkdf-pli-text\">\r\n\t\t\t\t<h3 itemprop=\"name\" class=\"mkdf-pli-title entry-title\" >\r\n\t\t<a itemprop=\"url\" class=\"mkdf-block-drag-link\" href=\"https:\/\/alive.uy\/pt-br\/portfolio-item\/tratamientos-esteticos\/\" target=\"_self\">\r\n\t\t\tTRATAMENTOS EST\u00c9TICOS\t\t<\/a>\r\n\t<\/h3>\r\n\r\n\t\t\t\r\n\t\t\t\t<p itemprop=\"description\" class=\"mkdf-pli-excerpt\">O sofisticado menu de Spa do Alive inclui: &nbsp; Esfolia\u00e7\u00e3o corporal; massagens redutoras, modeladoras, com pedras quentes e shiatsu; m\u00e1scaras faciais e corporais; limpeza de pele; peelings; tratamentos com cremes e produtos personalizados; programas est\u00e9ticos espec\u00edficos para o p\u00fablico masculino; [&hellip;]<\/p>\r\n\t\t<\/div>\r\n\t<\/div>\r\n<\/div>\t\t\r\n\t\t<a itemprop=\"url\" class=\"mkdf-pli-link mkdf-block-drag-link\" href=\"https:\/\/alive.uy\/pt-br\/portfolio-item\/tratamientos-esteticos\/\" target=\"_self\"><\/a>\r\n\t<\/div>\r\n<\/article>\t<\/div>\r\n\t\r\n\t<\/div>[\/vc_column][\/vc_row][vc_row css=&#8221;.vc_custom_1570667841262{padding-top: 5% !important;padding-right: 5% !important;padding-left: 5% !important;}&#8221;][vc_column width=&#8221;1\/3&#8243;]<div class=\"mkdf-section-title-holder  mkdf-st-standard mkdf-st-title-left mkdf-st-normal-space \" style=\"text-align: left\">\r\n\t<div class=\"mkdf-st-inner\">\r\n\t\t<img loading=\"lazy\" decoding=\"async\" width=\"2560\" height=\"1707\" src=\"https:\/\/alive.uy\/wp-content\/uploads\/2019\/09\/ULTRASHAPE-POWER-scaled.jpg\" class=\"attachment-full size-full\" alt=\"\" srcset=\"https:\/\/alive.uy\/wp-content\/uploads\/2019\/09\/ULTRASHAPE-POWER-scaled.jpg 2560w, https:\/\/alive.uy\/wp-content\/uploads\/2019\/09\/ULTRASHAPE-POWER-300x200.jpg 300w, https:\/\/alive.uy\/wp-content\/uploads\/2019\/09\/ULTRASHAPE-POWER-1024x683.jpg 1024w, https:\/\/alive.uy\/wp-content\/uploads\/2019\/09\/ULTRASHAPE-POWER-768x512.jpg 768w, https:\/\/alive.uy\/wp-content\/uploads\/2019\/09\/ULTRASHAPE-POWER-1536x1024.jpg 1536w\" sizes=\"(max-width: 2560px) 100vw, 2560px\" \/>\r\n\t\t\t\t\t\t\t<h3 class=\"mkdf-st-title\" >\r\n\t\t\t\tULTRASHAPE POWER\t\t\t<\/h3>\r\n\t\t\t\t\t\t\t<p class=\"mkdf-st-text\" >\r\n\t\t\t\tMayor eficacia en la reducci\u00f3n de la capa de grasa es decir de las adiposidades localizadas. Tecnolog\u00eda de \u00faltima generaci\u00f3n aplicada a delinear tu contorno corporal como a la destrucci\u00f3n de c\u00e9lulas grasas. Hace posible tratamientos personalizados al ser el...\t\t\t<\/p>\r\n\t\t\t<\/div>\r\n<\/div>[vc_row_inner content_placement=&#8221;middle&#8221; el_class=&#8221;contenedorbtn&#8221; css=&#8221;.vc_custom_1575517291193{padding-top: 5px !important;padding-right: 5px !important;padding-bottom: 5px !important;padding-left: 5px !important;}&#8221;][vc_column_inner]<a itemprop=\"url\" href=\"\/pt-br\/portfolio-item\/ultrashape-power\/\" target=\"_self\" style=\"text-transform: uppercase\" class=\"mkdf-btn mkdf-btn-medium mkdf-btn-solid\"  >\r\n    <span class=\"mkdf-btn-text\">Ver detalhes<\/span>\r\n    \t<\/a>[\/vc_column_inner][\/vc_row_inner][\/vc_column][vc_column width=&#8221;1\/3&#8243;]<div class=\"mkdf-section-title-holder  mkdf-st-standard mkdf-st-title-left mkdf-st-normal-space \" style=\"text-align: left\">\r\n\t<div class=\"mkdf-st-inner\">\r\n\t\t<img loading=\"lazy\" decoding=\"async\" width=\"2560\" height=\"1707\" src=\"https:\/\/alive.uy\/wp-content\/uploads\/2019\/09\/VELLASHAPEIII-scaled.jpg\" class=\"attachment-full size-full\" alt=\"\" srcset=\"https:\/\/alive.uy\/wp-content\/uploads\/2019\/09\/VELLASHAPEIII-scaled.jpg 2560w, https:\/\/alive.uy\/wp-content\/uploads\/2019\/09\/VELLASHAPEIII-300x200.jpg 300w, https:\/\/alive.uy\/wp-content\/uploads\/2019\/09\/VELLASHAPEIII-1024x683.jpg 1024w, https:\/\/alive.uy\/wp-content\/uploads\/2019\/09\/VELLASHAPEIII-768x512.jpg 768w, https:\/\/alive.uy\/wp-content\/uploads\/2019\/09\/VELLASHAPEIII-1536x1024.jpg 1536w\" sizes=\"(max-width: 2560px) 100vw, 2560px\" \/>\r\n\t\t\t\t\t\t\t<h3 class=\"mkdf-st-title\" >\r\n\t\t\t\tVELASHAPE III\t\t\t<\/h3>\r\n\t\t\t\t\t\t\t<p class=\"mkdf-st-text\" >\r\n\t\t\t\tN\u00e3o h\u00e1 explica\u00e7\u00e3o definitiva sobre o motivo da celulite. Embora possa ser o resultado de um estilo de vida pouco saud\u00e1vel, pode haver outras causas, incluindo altera\u00e7\u00f5es gen\u00e9ticas ou hormonais. O VelaShape III, aprovado pelo ...\t\t\t<\/p>\r\n\t\t\t<\/div>\r\n<\/div>[vc_row_inner content_placement=&#8221;middle&#8221; el_class=&#8221;contenedorbtn&#8221; css=&#8221;.vc_custom_1575517291193{padding-top: 5px !important;padding-right: 5px !important;padding-bottom: 5px !important;padding-left: 5px !important;}&#8221;][vc_column_inner]<a itemprop=\"url\" href=\"\/pt-br\/portfolio-item\/velashape-iii\/\" target=\"_self\" style=\"text-transform: uppercase\" class=\"mkdf-btn mkdf-btn-medium mkdf-btn-solid\"  >\r\n    <span class=\"mkdf-btn-text\">Ver detalhes<\/span>\r\n    \t<\/a>[\/vc_column_inner][\/vc_row_inner][\/vc_column][vc_column width=&#8221;1\/3&#8243;]<div class=\"mkdf-section-title-holder  mkdf-st-standard mkdf-st-title-left mkdf-st-normal-space \" style=\"text-align: left\">\r\n\t<div class=\"mkdf-st-inner\">\r\n\t\t<img loading=\"lazy\" decoding=\"async\" width=\"2560\" height=\"1707\" src=\"https:\/\/alive.uy\/wp-content\/uploads\/2019\/09\/VIORA-scaled.jpg\" class=\"attachment-full size-full\" alt=\"\" srcset=\"https:\/\/alive.uy\/wp-content\/uploads\/2019\/09\/VIORA-scaled.jpg 2560w, https:\/\/alive.uy\/wp-content\/uploads\/2019\/09\/VIORA-300x200.jpg 300w, https:\/\/alive.uy\/wp-content\/uploads\/2019\/09\/VIORA-1024x683.jpg 1024w, https:\/\/alive.uy\/wp-content\/uploads\/2019\/09\/VIORA-768x512.jpg 768w, https:\/\/alive.uy\/wp-content\/uploads\/2019\/09\/VIORA-1536x1024.jpg 1536w\" sizes=\"(max-width: 2560px) 100vw, 2560px\" \/>\r\n\t\t\t\t\t\t\t<h3 class=\"mkdf-st-title\" >\r\n\t\t\t\tRADIOFREQU\u00caNCIA INFINI COM MICRONEEDLING\t\t\t<\/h3>\r\n\t\t\t\t\t\t\t<p class=\"mkdf-st-text\" >\r\n\t\t\t\tINFINI \u00e9 uma tecnologia exclusiva que permite controlar o procedimento de rejuvenescimento da pele. Voc\u00ea controla a profundidade do tratamento e os n\u00edveis de energia ...\t\t\t<\/p>\r\n\t\t\t<\/div>\r\n<\/div>[vc_row_inner content_placement=&#8221;middle&#8221; el_class=&#8221;contenedorbtn&#8221; css=&#8221;.vc_custom_1575517291193{padding-top: 5px !important;padding-right: 5px !important;padding-bottom: 5px !important;padding-left: 5px !important;}&#8221;][vc_column_inner]<a itemprop=\"url\" href=\"\/pt-br\/portfolio-item\/infini-radiofrecuencia-con-microneedling\/\" target=\"_self\" style=\"text-transform: uppercase\" class=\"mkdf-btn mkdf-btn-medium mkdf-btn-solid\"  >\r\n    <span class=\"mkdf-btn-text\">Ver detalhes<\/span>\r\n    \t<\/a>[\/vc_column_inner][\/vc_row_inner][\/vc_column][\/vc_row][vc_row css=&#8221;.vc_custom_1575518343035{padding-top: 5% !important;padding-right: 5% !important;padding-bottom: 10px !important;padding-left: 5% !important;}&#8221;][vc_column width=&#8221;1\/3&#8243;]<div class=\"mkdf-section-title-holder  mkdf-st-standard mkdf-st-title-left mkdf-st-normal-space \" style=\"text-align: left\">\r\n\t<div class=\"mkdf-st-inner\">\r\n\t\t<img loading=\"lazy\" decoding=\"async\" width=\"2560\" height=\"1707\" src=\"https:\/\/alive.uy\/wp-content\/uploads\/2019\/09\/VELLASHAPE-III-scaled.jpg\" class=\"attachment-full size-full\" alt=\"\" srcset=\"https:\/\/alive.uy\/wp-content\/uploads\/2019\/09\/VELLASHAPE-III-scaled.jpg 2560w, https:\/\/alive.uy\/wp-content\/uploads\/2019\/09\/VELLASHAPE-III-300x200.jpg 300w, https:\/\/alive.uy\/wp-content\/uploads\/2019\/09\/VELLASHAPE-III-1024x683.jpg 1024w, https:\/\/alive.uy\/wp-content\/uploads\/2019\/09\/VELLASHAPE-III-768x512.jpg 768w, https:\/\/alive.uy\/wp-content\/uploads\/2019\/09\/VELLASHAPE-III-1536x1024.jpg 1536w\" sizes=\"(max-width: 2560px) 100vw, 2560px\" \/>\r\n\t\t\t\t\t\t\t<h3 class=\"mkdf-st-title\" >\r\n\t\t\t\tRADIOFREQU\u00caNCIA VIORA\t\t\t<\/h3>\r\n\t\t\t\t\t\t\t<p class=\"mkdf-st-text\" >\r\n\t\t\t\tRadiofrequ\u00eancia Viora \u00e9 a nova gera\u00e7\u00e3o de tratamentos integrais para remodela\u00e7\u00e3o facial. \u00c9 uma solu\u00e7\u00e3o eficaz, segura, n\u00e3o invasiva e indolor que aperta a pele e ...\t\t\t<\/p>\r\n\t\t\t<\/div>\r\n<\/div>[vc_row_inner content_placement=&#8221;middle&#8221; el_class=&#8221;contenedorbtn&#8221; css=&#8221;.vc_custom_1575517291193{padding-top: 5px !important;padding-right: 5px !important;padding-bottom: 5px !important;padding-left: 5px !important;}&#8221;][vc_column_inner]<a itemprop=\"url\" href=\"\/pt-br\/portfolio-item\/radiofrecuencia-viora\/\" target=\"_self\" style=\"text-transform: uppercase\" class=\"mkdf-btn mkdf-btn-medium mkdf-btn-solid\"  >\r\n    <span class=\"mkdf-btn-text\">Ver detalhes<\/span>\r\n    \t<\/a>[\/vc_column_inner][\/vc_row_inner][\/vc_column][vc_column width=&#8221;1\/3&#8243;]<div class=\"mkdf-section-title-holder  mkdf-st-standard mkdf-st-title-left mkdf-st-normal-space \" style=\"padding: 0 10px;text-align: left\">\r\n\t<div class=\"mkdf-st-inner\">\r\n\t\t<img loading=\"lazy\" decoding=\"async\" width=\"2560\" height=\"1707\" src=\"https:\/\/alive.uy\/wp-content\/uploads\/2019\/09\/P_K_7130-scaled.jpg\" class=\"attachment-full size-full\" alt=\"\" srcset=\"https:\/\/alive.uy\/wp-content\/uploads\/2019\/09\/P_K_7130-scaled.jpg 2560w, https:\/\/alive.uy\/wp-content\/uploads\/2019\/09\/P_K_7130-300x200.jpg 300w, https:\/\/alive.uy\/wp-content\/uploads\/2019\/09\/P_K_7130-1024x683.jpg 1024w, https:\/\/alive.uy\/wp-content\/uploads\/2019\/09\/P_K_7130-768x512.jpg 768w, https:\/\/alive.uy\/wp-content\/uploads\/2019\/09\/P_K_7130-1536x1024.jpg 1536w\" sizes=\"(max-width: 2560px) 100vw, 2560px\" \/>\r\n\t\t\t\t\t\t\t<h3 class=\"mkdf-st-title\" >\r\n\t\t\t\tMEDICINA EST\u00c9TICA N\u00c3O INVASIVA\t\t\t<\/h3>\r\n\t\t\t\t\t\t\t<p class=\"mkdf-st-text\" >\r\n\t\t\t\tRadiofrequ\u00eancia facial \/ Botox \/ Luz pulsada \/ Plasma rico em plaquetas \/ Inje\u00e7\u00f5es lipol\u00edticas \/ Mesoterapia corporal e facial \/ Dosadores de gel de plasma \/ Agentes esclerosantes venosos.\t\t\t<\/p>\r\n\t\t\t<\/div>\r\n<\/div>[vc_row_inner content_placement=&#8221;middle&#8221; el_class=&#8221;contenedorbtn&#8221; css=&#8221;.vc_custom_1575517291193{padding-top: 5px !important;padding-right: 5px !important;padding-bottom: 5px !important;padding-left: 5px !important;}&#8221;][vc_column_inner]<a itemprop=\"url\" href=\"\/pt-br\/portfolio-item\/medicina-estetica-no-invasiva\/\" target=\"_self\" style=\"text-transform: uppercase\" class=\"mkdf-btn mkdf-btn-medium mkdf-btn-solid\"  >\r\n    <span class=\"mkdf-btn-text\">Ver detalhes<\/span>\r\n    \t<\/a>[\/vc_column_inner][\/vc_row_inner][\/vc_column][vc_column width=&#8221;1\/3&#8243;]<div class=\"mkdf-section-title-holder  mkdf-st-standard mkdf-st-title-left mkdf-st-normal-space \" style=\"text-align: left\">\r\n\t<div class=\"mkdf-st-inner\">\r\n\t\t<img loading=\"lazy\" decoding=\"async\" width=\"2560\" height=\"1707\" src=\"https:\/\/alive.uy\/wp-content\/uploads\/2019\/09\/R3A4175-scaled.jpg\" class=\"attachment-full size-full\" alt=\"\" srcset=\"https:\/\/alive.uy\/wp-content\/uploads\/2019\/09\/R3A4175-scaled.jpg 2560w, https:\/\/alive.uy\/wp-content\/uploads\/2019\/09\/R3A4175-300x200.jpg 300w, https:\/\/alive.uy\/wp-content\/uploads\/2019\/09\/R3A4175-1024x683.jpg 1024w, https:\/\/alive.uy\/wp-content\/uploads\/2019\/09\/R3A4175-768x512.jpg 768w, https:\/\/alive.uy\/wp-content\/uploads\/2019\/09\/R3A4175-1536x1024.jpg 1536w\" sizes=\"(max-width: 2560px) 100vw, 2560px\" \/>\r\n\t\t\t\t\t\t\t<h3 class=\"mkdf-st-title\" >\r\n\t\t\t\tTRATAMENTOS EST\u00c9TICOS\t\t\t<\/h3>\r\n\t\t\t\t\t\t\t<p class=\"mkdf-st-text\" >\r\n\t\t\t\tMenu sofisticado de spa, que inclui: esfolia\u00e7\u00e3o corporal \/ massagens redutoras, modeladores, pedras quentes, shiatsu \/ m\u00e1scaras faciais e corporais \/ limpeza de pele \/ peelings ...\t\t\t<\/p>\r\n\t\t\t<\/div>\r\n<\/div>[vc_row_inner content_placement=&#8221;middle&#8221; el_class=&#8221;contenedorbtn&#8221; css=&#8221;.vc_custom_1575517291193{padding-top: 5px !important;padding-right: 5px !important;padding-bottom: 5px !important;padding-left: 5px !important;}&#8221;][vc_column_inner]<a itemprop=\"url\" href=\"\/pt-br\/portfolio-item\/tratamientos-esteticos\/\" target=\"_self\" style=\"text-transform: uppercase\" class=\"mkdf-btn mkdf-btn-medium mkdf-btn-solid\"  >\r\n    <span class=\"mkdf-btn-text\">Ver detalhes<\/span>\r\n    \t<\/a>[\/vc_column_inner][\/vc_row_inner][\/vc_column][\/vc_row]<\/p>\n<\/div>","protected":false},"excerpt":{"rendered":"<p>[vc_row][vc_column][rev_slider_vc alias=&#8221;clinica-pt&#8221; enable_paspartu=&#8221;no&#8221;][\/vc_column][\/vc_row][vc_row disable_element=&#8221;yes&#8221; css=&#8221;.vc_custom_1575518025803{padding-top: 5% !important;padding-right: 5% !important;padding-left: 5% !important;}&#8221;][vc_column][\/vc_column][\/vc_row][vc_row css=&#8221;.vc_custom_1570667841262{padding-top: 5% !important;padding-right: 5% !important;padding-left: 5% !important;}&#8221;][vc_column width=&#8221;1\/3&#8243;][vc_row_inner content_placement=&#8221;middle&#8221; el_class=&#8221;contenedorbtn&#8221; css=&#8221;.vc_custom_1575517291193{padding-top: 5px !important;padding-right: 5px !important;padding-bottom: 5px !important;padding-left: 5px !important;}&#8221;][vc_column_inner][\/vc_column_inner][\/vc_row_inner][\/vc_column][vc_column width=&#8221;1\/3&#8243;][vc_row_inner content_placement=&#8221;middle&#8221; el_class=&#8221;contenedorbtn&#8221; css=&#8221;.vc_custom_1575517291193{padding-top: 5px !important;padding-right: 5px !important;padding-bottom: 5px !important;padding-left: [&hellip;]<\/p>\n","protected":false},"author":7,"featured_media":0,"parent":0,"menu_order":0,"comment_status":"closed","ping_status":"closed","template":"full-width.php","meta":{"footnotes":""},"_links":{"self":[{"href":"https:\/\/alive.uy\/pt-br\/wp-json\/wp\/v2\/pages\/9865"}],"collection":[{"href":"https:\/\/alive.uy\/pt-br\/wp-json\/wp\/v2\/pages"}],"about":[{"href":"https:\/\/alive.uy\/pt-br\/wp-json\/wp\/v2\/types\/page"}],"author":[{"embeddable":true,"href":"https:\/\/alive.uy\/pt-br\/wp-json\/wp\/v2\/users\/7"}],"replies":[{"embeddable":true,"href":"https:\/\/alive.uy\/pt-br\/wp-json\/wp\/v2\/comments?post=9865"}],"version-history":[{"count":4,"href":"https:\/\/alive.uy\/pt-br\/wp-json\/wp\/v2\/pages\/9865\/revisions"}],"predecessor-version":[{"id":10017,"href":"https:\/\/alive.uy\/pt-br\/wp-json\/wp\/v2\/pages\/9865\/revisions\/10017"}],"wp:attachment":[{"href":"https:\/\/alive.uy\/pt-br\/wp-json\/wp\/v2\/media?parent=9865"}],"curies":[{"name":"wp","href":"https:\/\/api.w.org\/{rel}","templated":true}]}}