{"id":9881,"date":"2023-03-24T17:17:47","date_gmt":"2023-03-24T17:17:47","guid":{"rendered":"https:\/\/alive.uy\/?page_id=9881"},"modified":"2024-04-01T07:40:12","modified_gmt":"2024-04-01T07:40:12","slug":"politica-de-privacidade","status":"publish","type":"page","link":"https:\/\/alive.uy\/pt-br\/politica-de-privacidade\/","title":{"rendered":"Pol\u00edtica de privacidade"},"content":{"rendered":"<div class=\"wpb-content-wrapper\"><p>[vc_row][vc_column][vc_column_text]<\/p>\n<p><strong>POL\u00cdTICA DE PRIVACIDADE<\/strong><\/p>\n<p>Esta Pol\u00edtica de Privacidade estabelece os termos em que o Alive Health SPA Resort usa e protege as informa\u00e7\u00f5es que voc\u00ea fornece quando usa o site. Esta empresa est\u00e1 comprometida com a seguran\u00e7a dos dados de seus usu\u00e1rios. Quando pedimos que voc\u00ea forne\u00e7a informa\u00e7\u00f5es pessoais pelas quais possa ser identificado, fazemos isso com a garantia de que elas ser\u00e3o usadas somente de acordo com os termos deste documento. No entanto, esta Pol\u00edtica de Privacidade pode mudar com o tempo ou ser atualizada, e recomendamos que voc\u00ea reveja continuamente esta p\u00e1gina para garantir que esteja satisfeito com quaisquer altera\u00e7\u00f5es.<\/p>\n<p>Nosso site pode coletar informa\u00e7\u00f5es pessoais como: Nome, informa\u00e7\u00f5es de contato como seu endere\u00e7o de e-mail e informa\u00e7\u00f5es demogr\u00e1ficas. Da mesma forma, quando necess\u00e1rio, informa\u00e7\u00f5es espec\u00edficas podem ser exigidas para processar um pedido ou fazer uma entrega ou faturamento.<\/p>\n<p><strong>Utilizando a informa\u00e7\u00e3o recolhida<\/strong><\/p>\n<p>Nosso website utiliza as informa\u00e7\u00f5es para oferecer o melhor servi\u00e7o poss\u00edvel, principalmente para manter um cadastro de usu\u00e1rios, de pedidos, se aplic\u00e1vel, e para melhorar nossos produtos e servi\u00e7os. \u00c9 poss\u00edvel que emails sejam enviados periodicamente atrav\u00e9s do nosso site com ofertas especiais, novos produtos e outras informa\u00e7\u00f5es publicit\u00e1rias que consideramos relevantes para voc\u00ea ou que possam lhe trazer algum benef\u00edcio, esses emails ser\u00e3o enviados para o endere\u00e7o que voc\u00ea fornecer e poder\u00e3o ser cancelados em qualquer momento.<\/p>\n<p>O Alive Health SPA Resort est\u00e1 altamente comprometido com o cumprimento de nosso compromisso de manter suas informa\u00e7\u00f5es seguras. Usamos os sistemas mais avan\u00e7ados e os atualizamos constantemente para garantir que n\u00e3o haja acesso n\u00e3o autorizado.<\/p>\n<p><strong>Cookies<\/strong><\/p>\n<p>Um cookie refere-se a um arquivo que \u00e9 enviado com o prop\u00f3sito de solicitar permiss\u00e3o para ser armazenado em seu computador, quando o arquivo \u00e9 criado e o cookie serve para ter informa\u00e7\u00f5es sobre o tr\u00e1fego da web e tamb\u00e9m facilita futuras visitas a um site. recorrente Outra fun\u00e7\u00e3o que os cookies t\u00eam \u00e9 que, com eles, a web pode reconhec\u00ea-lo individualmente e, portanto, fornecer o melhor servi\u00e7o personalizado em seu site.<\/p>\n<p>Nosso site usa cookies para poder identificar quais p\u00e1ginas s\u00e3o visitadas e sua frequ\u00eancia. Essas informa\u00e7\u00f5es s\u00e3o usadas somente para an\u00e1lise estat\u00edstica e depois s\u00e3o exclu\u00eddas permanentemente. Voc\u00ea pode excluir os cookies do seu computador a qualquer momento. No entanto, os cookies ajudam a fornecer um servi\u00e7o melhor nos sites, mas n\u00e3o d\u00e3o acesso a informa\u00e7\u00f5es do seu computador ou de voc\u00ea, a menos que voc\u00ea decida fornec\u00ea-las diretamente a n\u00f3s. Voc\u00ea pode aceitar ou recusar o uso de cookies, mas a maioria dos navegadores aceita cookies automaticamente para oferecer um servi\u00e7o melhor na Web. Voc\u00ea tamb\u00e9m pode alterar as configura\u00e7\u00f5es do seu computador para recusar cookies. Se voc\u00ea recusar os cookies, talvez n\u00e3o consiga usar alguns de nossos servi\u00e7os.<\/p>\n<p><strong>Links de terceiros<\/strong><\/p>\n<p>Este site pode conter links para outros sites que podem ser do seu interesse. Depois de clicar nesses links e sair de nossa p\u00e1gina, n\u00e3o teremos mais controle sobre o site para o qual voc\u00ea ser\u00e1 redirecionado e, portanto, n\u00e3o nos responsabilizamos pelos termos ou privacidade ou pela prote\u00e7\u00e3o de seus dados nesses outros sites de terceiros. Estes sites est\u00e3o sujeitos \u00e0s suas pr\u00f3prias pol\u00edticas de privacidade, por isso \u00e9 aconselh\u00e1vel consult\u00e1-los para confirmar que voc\u00ea concorda com eles.<\/p>\n<p><strong>Controle de suas informa\u00e7\u00f5es pessoais<\/strong><\/p>\n<p>A qualquer momento, voc\u00ea pode restringir a coleta ou uso de informa\u00e7\u00f5es pessoais fornecidas em nosso site. Cada vez que voc\u00ea \u00e9 solicitado a preencher um formul\u00e1rio, como registro de usu\u00e1rio, voc\u00ea pode marcar ou desmarcar a op\u00e7\u00e3o de receber informa\u00e7\u00f5es por e-mail. Caso tenha assinalado a op\u00e7\u00e3o de receber a nossa newsletter ou publicidade, pode cancel\u00e1-la a qualquer momento.<\/p>\n<p>Esta empresa n\u00e3o vender, distribuir e distribuir informa\u00e7\u00f5es pessoais que s\u00e3o suscept\u00edveis de serem aplicadas, salvo que o mar requerido por um juiz contra uma ordem judicial.<\/p>\n<p>O Alive Health SPA Resort se reserva o direito de alterar os termos desta Pol\u00edtica de Privacidade a qualquer momento.<\/p>\n<p>[\/vc_column_text][\/vc_column][\/vc_row]<\/p>\n<\/div>","protected":false},"excerpt":{"rendered":"<p>[vc_row][vc_column][vc_column_text] POL\u00cdTICA DE PRIVACIDADE Esta Pol\u00edtica de Privacidade estabelece os termos em que o Alive Health SPA Resort usa e protege as informa\u00e7\u00f5es que voc\u00ea fornece quando usa o site. Esta empresa est\u00e1 comprometida com a seguran\u00e7a dos dados de [&hellip;]<\/p>\n","protected":false},"author":7,"featured_media":0,"parent":0,"menu_order":0,"comment_status":"closed","ping_status":"closed","template":"","meta":{"footnotes":""},"_links":{"self":[{"href":"https:\/\/alive.uy\/pt-br\/wp-json\/wp\/v2\/pages\/9881"}],"collection":[{"href":"https:\/\/alive.uy\/pt-br\/wp-json\/wp\/v2\/pages"}],"about":[{"href":"https:\/\/alive.uy\/pt-br\/wp-json\/wp\/v2\/types\/page"}],"author":[{"embeddable":true,"href":"https:\/\/alive.uy\/pt-br\/wp-json\/wp\/v2\/users\/7"}],"replies":[{"embeddable":true,"href":"https:\/\/alive.uy\/pt-br\/wp-json\/wp\/v2\/comments?post=9881"}],"version-history":[{"count":2,"href":"https:\/\/alive.uy\/pt-br\/wp-json\/wp\/v2\/pages\/9881\/revisions"}],"predecessor-version":[{"id":9889,"href":"https:\/\/alive.uy\/pt-br\/wp-json\/wp\/v2\/pages\/9881\/revisions\/9889"}],"wp:attachment":[{"href":"https:\/\/alive.uy\/pt-br\/wp-json\/wp\/v2\/media?parent=9881"}],"curies":[{"name":"wp","href":"https:\/\/api.w.org\/{rel}","templated":true}]}}