{"id":9891,"date":"2019-10-10T01:40:10","date_gmt":"2019-10-10T01:40:10","guid":{"rendered":"https:\/\/alive.uy\/?page_id=9891"},"modified":"2024-04-03T15:29:34","modified_gmt":"2024-04-03T15:29:34","slug":"suites","status":"publish","type":"page","link":"https:\/\/alive.uy\/pt-br\/suites\/","title":{"rendered":"Suites"},"content":{"rendered":"<div class=\"wpb-content-wrapper\"><p>[vc_row][vc_column][rev_slider_vc alias=&#8221;suites-pt&#8221; enable_paspartu=&#8221;no&#8221;][\/vc_column][\/vc_row][vc_row css=&#8221;.vc_custom_1570667841262{padding-top: 5% !important;padding-right: 5% !important;padding-left: 5% !important;}&#8221;][vc_column width=&#8221;1\/3&#8243;]<div class=\"mkdf-image-gallery  mkdf-ig-slider-type mkdf-normal-space mkdf-has-shadow \">\r\n\t<div class=\"mkdf-ig-slider mkdf-owl-slider\" data-number-of-items=\"1\" data-enable-loop=\"yes\" data-enable-autoplay=\"yes\" data-slider-speed=\"5000\" data-slider-speed-animation=\"600\" data-slider-padding=\"no\" data-enable-navigation=\"no\" data-enable-pagination=\"yes\">\r\n\t\t\t\t\t<div class=\"mkdf-ig-image\">\r\n\t\t\t\t\t\t\t\t\t<img loading=\"lazy\" decoding=\"async\" width=\"1000\" height=\"667\" src=\"https:\/\/alive.uy\/wp-content\/uploads\/2019\/09\/sunset_suite_lake02-e1575526798168.jpg\" class=\"attachment-full size-full\" alt=\"\" \/>\t\t\t\t\t\t\t<\/div>\r\n\t\t\t\t\t<div class=\"mkdf-ig-image\">\r\n\t\t\t\t\t\t\t\t\t<img loading=\"lazy\" decoding=\"async\" width=\"1000\" height=\"667\" src=\"https:\/\/alive.uy\/wp-content\/uploads\/2019\/09\/sunset_suite_lake_twin04.jpg\" class=\"attachment-full size-full\" alt=\"\" srcset=\"https:\/\/alive.uy\/wp-content\/uploads\/2019\/09\/sunset_suite_lake_twin04.jpg 1000w, https:\/\/alive.uy\/wp-content\/uploads\/2019\/09\/sunset_suite_lake_twin04-300x200.jpg 300w, https:\/\/alive.uy\/wp-content\/uploads\/2019\/09\/sunset_suite_lake_twin04-768x512.jpg 768w\" sizes=\"(max-width: 1000px) 100vw, 1000px\" \/>\t\t\t\t\t\t\t<\/div>\r\n\t\t\t\t\t<div class=\"mkdf-ig-image\">\r\n\t\t\t\t\t\t\t\t\t<img loading=\"lazy\" decoding=\"async\" width=\"1600\" height=\"1066\" src=\"https:\/\/alive.uy\/wp-content\/uploads\/2019\/09\/sunset_suite_lake_twin05.jpeg\" class=\"attachment-full size-full\" alt=\"\" srcset=\"https:\/\/alive.uy\/wp-content\/uploads\/2019\/09\/sunset_suite_lake_twin05.jpeg 1600w, https:\/\/alive.uy\/wp-content\/uploads\/2019\/09\/sunset_suite_lake_twin05-300x200.jpeg 300w, https:\/\/alive.uy\/wp-content\/uploads\/2019\/09\/sunset_suite_lake_twin05-768x512.jpeg 768w, https:\/\/alive.uy\/wp-content\/uploads\/2019\/09\/sunset_suite_lake_twin05-1024x682.jpeg 1024w\" sizes=\"(max-width: 1600px) 100vw, 1600px\" \/>\t\t\t\t\t\t\t<\/div>\r\n\t\t\t\t\t<div class=\"mkdf-ig-image\">\r\n\t\t\t\t\t\t\t\t\t<img loading=\"lazy\" decoding=\"async\" width=\"1000\" height=\"667\" src=\"https:\/\/alive.uy\/wp-content\/uploads\/2019\/09\/sunset_suite_lake_twin02.jpg\" class=\"attachment-full size-full\" alt=\"\" srcset=\"https:\/\/alive.uy\/wp-content\/uploads\/2019\/09\/sunset_suite_lake_twin02.jpg 1000w, https:\/\/alive.uy\/wp-content\/uploads\/2019\/09\/sunset_suite_lake_twin02-300x200.jpg 300w, https:\/\/alive.uy\/wp-content\/uploads\/2019\/09\/sunset_suite_lake_twin02-768x512.jpg 768w\" sizes=\"(max-width: 1000px) 100vw, 1000px\" \/>\t\t\t\t\t\t\t<\/div>\r\n\t\t\t\t\t<div class=\"mkdf-ig-image\">\r\n\t\t\t\t\t\t\t\t\t<img loading=\"lazy\" decoding=\"async\" width=\"1000\" height=\"645\" src=\"https:\/\/alive.uy\/wp-content\/uploads\/2019\/09\/sunset_suite_lake04.jpg\" class=\"attachment-full size-full\" alt=\"\" srcset=\"https:\/\/alive.uy\/wp-content\/uploads\/2019\/09\/sunset_suite_lake04.jpg 1000w, https:\/\/alive.uy\/wp-content\/uploads\/2019\/09\/sunset_suite_lake04-300x194.jpg 300w, https:\/\/alive.uy\/wp-content\/uploads\/2019\/09\/sunset_suite_lake04-768x495.jpg 768w\" sizes=\"(max-width: 1000px) 100vw, 1000px\" \/>\t\t\t\t\t\t\t<\/div>\r\n\t\t\t\t\t<div class=\"mkdf-ig-image\">\r\n\t\t\t\t\t\t\t\t\t<img loading=\"lazy\" decoding=\"async\" width=\"1000\" height=\"667\" src=\"https:\/\/alive.uy\/wp-content\/uploads\/2019\/09\/sunset_suite_lake06.jpg\" class=\"attachment-full size-full\" alt=\"\" srcset=\"https:\/\/alive.uy\/wp-content\/uploads\/2019\/09\/sunset_suite_lake06.jpg 1000w, https:\/\/alive.uy\/wp-content\/uploads\/2019\/09\/sunset_suite_lake06-300x200.jpg 300w, https:\/\/alive.uy\/wp-content\/uploads\/2019\/09\/sunset_suite_lake06-768x512.jpg 768w\" sizes=\"(max-width: 1000px) 100vw, 1000px\" \/>\t\t\t\t\t\t\t<\/div>\r\n\t\t\t\t\t<div class=\"mkdf-ig-image\">\r\n\t\t\t\t\t\t\t\t\t<img loading=\"lazy\" decoding=\"async\" width=\"1000\" height=\"667\" src=\"https:\/\/alive.uy\/wp-content\/uploads\/2019\/09\/sunset_suite_lake09.jpg\" class=\"attachment-full size-full\" alt=\"\" srcset=\"https:\/\/alive.uy\/wp-content\/uploads\/2019\/09\/sunset_suite_lake09.jpg 1000w, https:\/\/alive.uy\/wp-content\/uploads\/2019\/09\/sunset_suite_lake09-300x200.jpg 300w, https:\/\/alive.uy\/wp-content\/uploads\/2019\/09\/sunset_suite_lake09-768x512.jpg 768w\" sizes=\"(max-width: 1000px) 100vw, 1000px\" \/>\t\t\t\t\t\t\t<\/div>\r\n\t\t\t\t\t<div class=\"mkdf-ig-image\">\r\n\t\t\t\t\t\t\t\t\t<img loading=\"lazy\" decoding=\"async\" width=\"5040\" height=\"3360\" src=\"https:\/\/alive.uy\/wp-content\/uploads\/2019\/10\/PKC_5989.jpg\" class=\"attachment-full size-full\" alt=\"\" srcset=\"https:\/\/alive.uy\/wp-content\/uploads\/2019\/10\/PKC_5989.jpg 5040w, https:\/\/alive.uy\/wp-content\/uploads\/2019\/10\/PKC_5989-300x200.jpg 300w, https:\/\/alive.uy\/wp-content\/uploads\/2019\/10\/PKC_5989-768x512.jpg 768w, https:\/\/alive.uy\/wp-content\/uploads\/2019\/10\/PKC_5989-1024x683.jpg 1024w\" sizes=\"(max-width: 5040px) 100vw, 5040px\" \/>\t\t\t\t\t\t\t<\/div>\r\n\t\t\t\t\t<div class=\"mkdf-ig-image\">\r\n\t\t\t\t\t\t\t\t\t<img loading=\"lazy\" decoding=\"async\" width=\"5040\" height=\"3360\" src=\"https:\/\/alive.uy\/wp-content\/uploads\/2019\/10\/PKC_5906.jpg\" class=\"attachment-full size-full\" alt=\"\" srcset=\"https:\/\/alive.uy\/wp-content\/uploads\/2019\/10\/PKC_5906.jpg 5040w, https:\/\/alive.uy\/wp-content\/uploads\/2019\/10\/PKC_5906-300x200.jpg 300w, https:\/\/alive.uy\/wp-content\/uploads\/2019\/10\/PKC_5906-768x512.jpg 768w, https:\/\/alive.uy\/wp-content\/uploads\/2019\/10\/PKC_5906-1024x683.jpg 1024w\" sizes=\"(max-width: 5040px) 100vw, 5040px\" \/>\t\t\t\t\t\t\t<\/div>\r\n\t\t\t<\/div>\r\n<\/div><div class=\"mkdf-section-title-holder  mkdf-st-standard mkdf-st-title-left mkdf-st-normal-space \" style=\"text-align: left\">\r\n\t<div class=\"mkdf-st-inner\">\r\n\t\t\r\n\t\t\t\t\t\t\t<h4 class=\"mkdf-st-title\" >\r\n\t\t\t\tSunset Lake Suite\t\t\t<\/h4>\r\n\t\t\t\t\t\t\t<p class=\"mkdf-st-text\" >\r\n\t\t\t\tO Sunset Lake Suite \u00e9 um quarto que despertar\u00e1 seus sentidos. Com uma excelente vista da Laguna del Sauce e seus finos acabamentos, completam o quarto dos sonhos. Sua extens\u00e3o do 35 mts2 e seu belo terra\u00e7o de 10 mts2 ...\t\t\t<\/p>\r\n\t\t\t<\/div>\r\n<\/div>[vc_row_inner el_class=&#8221;contenedorbtn&#8221; css=&#8221;.vc_custom_1572059612047{padding-top: 5px !important;padding-right: 5px !important;padding-bottom: 5px !important;padding-left: 5px !important;}&#8221;][vc_column_inner]<a itemprop=\"url\" href=\"\/pt-br\/portfolio-item\/sunset-lake-suite\/\" target=\"_self\"  class=\"mkdf-btn mkdf-btn-medium mkdf-btn-solid\"  >\r\n    <span class=\"mkdf-btn-text\">Ver detalhes<\/span>\r\n    \t<\/a>[\/vc_column_inner][\/vc_row_inner][\/vc_column][vc_column width=&#8221;1\/3&#8243;]<div class=\"mkdf-image-gallery  mkdf-ig-slider-type mkdf-normal-space mkdf-has-shadow \">\r\n\t<div class=\"mkdf-ig-slider mkdf-owl-slider\" data-number-of-items=\"1\" data-enable-loop=\"yes\" data-enable-autoplay=\"yes\" data-slider-speed=\"5000\" data-slider-speed-animation=\"600\" data-slider-padding=\"no\" data-enable-navigation=\"no\" data-enable-pagination=\"yes\">\r\n\t\t\t\t\t<div class=\"mkdf-ig-image\">\r\n\t\t\t\t\t\t\t\t\t<img loading=\"lazy\" decoding=\"async\" width=\"4950\" height=\"3300\" src=\"https:\/\/alive.uy\/wp-content\/uploads\/2019\/10\/PKC_5925-e1575526699285.jpg\" class=\"attachment-full size-full\" alt=\"\" \/>\t\t\t\t\t\t\t<\/div>\r\n\t\t\t\t\t<div class=\"mkdf-ig-image\">\r\n\t\t\t\t\t\t\t\t\t<img loading=\"lazy\" decoding=\"async\" width=\"5040\" height=\"3360\" src=\"https:\/\/alive.uy\/wp-content\/uploads\/2019\/10\/PKC_5913.jpg\" class=\"attachment-full size-full\" alt=\"\" srcset=\"https:\/\/alive.uy\/wp-content\/uploads\/2019\/10\/PKC_5913.jpg 5040w, https:\/\/alive.uy\/wp-content\/uploads\/2019\/10\/PKC_5913-300x200.jpg 300w, https:\/\/alive.uy\/wp-content\/uploads\/2019\/10\/PKC_5913-768x512.jpg 768w, https:\/\/alive.uy\/wp-content\/uploads\/2019\/10\/PKC_5913-1024x683.jpg 1024w\" sizes=\"(max-width: 5040px) 100vw, 5040px\" \/>\t\t\t\t\t\t\t<\/div>\r\n\t\t\t\t\t<div class=\"mkdf-ig-image\">\r\n\t\t\t\t\t\t\t\t\t<img loading=\"lazy\" decoding=\"async\" width=\"1000\" height=\"667\" src=\"https:\/\/alive.uy\/wp-content\/uploads\/2019\/09\/corner_lake_suite05.jpg\" class=\"attachment-full size-full\" alt=\"\" srcset=\"https:\/\/alive.uy\/wp-content\/uploads\/2019\/09\/corner_lake_suite05.jpg 1000w, https:\/\/alive.uy\/wp-content\/uploads\/2019\/09\/corner_lake_suite05-300x200.jpg 300w, https:\/\/alive.uy\/wp-content\/uploads\/2019\/09\/corner_lake_suite05-768x512.jpg 768w\" sizes=\"(max-width: 1000px) 100vw, 1000px\" \/>\t\t\t\t\t\t\t<\/div>\r\n\t\t\t\t\t<div class=\"mkdf-ig-image\">\r\n\t\t\t\t\t\t\t\t\t<img loading=\"lazy\" decoding=\"async\" width=\"1000\" height=\"667\" src=\"https:\/\/alive.uy\/wp-content\/uploads\/2019\/09\/corner_lake_suite08.jpg\" class=\"attachment-full size-full\" alt=\"\" srcset=\"https:\/\/alive.uy\/wp-content\/uploads\/2019\/09\/corner_lake_suite08.jpg 1000w, https:\/\/alive.uy\/wp-content\/uploads\/2019\/09\/corner_lake_suite08-300x200.jpg 300w, https:\/\/alive.uy\/wp-content\/uploads\/2019\/09\/corner_lake_suite08-768x512.jpg 768w\" sizes=\"(max-width: 1000px) 100vw, 1000px\" \/>\t\t\t\t\t\t\t<\/div>\r\n\t\t\t\t\t<div class=\"mkdf-ig-image\">\r\n\t\t\t\t\t\t\t\t\t<img loading=\"lazy\" decoding=\"async\" width=\"1000\" height=\"667\" src=\"https:\/\/alive.uy\/wp-content\/uploads\/2019\/09\/corner_lake_suite07.jpg\" class=\"attachment-full size-full\" alt=\"\" srcset=\"https:\/\/alive.uy\/wp-content\/uploads\/2019\/09\/corner_lake_suite07.jpg 1000w, https:\/\/alive.uy\/wp-content\/uploads\/2019\/09\/corner_lake_suite07-300x200.jpg 300w, https:\/\/alive.uy\/wp-content\/uploads\/2019\/09\/corner_lake_suite07-768x512.jpg 768w\" sizes=\"(max-width: 1000px) 100vw, 1000px\" \/>\t\t\t\t\t\t\t<\/div>\r\n\t\t\t\t\t<div class=\"mkdf-ig-image\">\r\n\t\t\t\t\t\t\t\t\t<img loading=\"lazy\" decoding=\"async\" width=\"3000\" height=\"2000\" src=\"https:\/\/alive.uy\/wp-content\/uploads\/2019\/09\/corner_lake_suite10.jpg\" class=\"attachment-full size-full\" alt=\"\" srcset=\"https:\/\/alive.uy\/wp-content\/uploads\/2019\/09\/corner_lake_suite10.jpg 3000w, https:\/\/alive.uy\/wp-content\/uploads\/2019\/09\/corner_lake_suite10-300x200.jpg 300w, https:\/\/alive.uy\/wp-content\/uploads\/2019\/09\/corner_lake_suite10-768x512.jpg 768w, https:\/\/alive.uy\/wp-content\/uploads\/2019\/09\/corner_lake_suite10-1024x683.jpg 1024w\" sizes=\"(max-width: 3000px) 100vw, 3000px\" \/>\t\t\t\t\t\t\t<\/div>\r\n\t\t\t\t\t<div class=\"mkdf-ig-image\">\r\n\t\t\t\t\t\t\t\t\t<img loading=\"lazy\" decoding=\"async\" width=\"1000\" height=\"667\" src=\"https:\/\/alive.uy\/wp-content\/uploads\/2019\/09\/corner_lake_suite04.jpg\" class=\"attachment-full size-full\" alt=\"\" srcset=\"https:\/\/alive.uy\/wp-content\/uploads\/2019\/09\/corner_lake_suite04.jpg 1000w, https:\/\/alive.uy\/wp-content\/uploads\/2019\/09\/corner_lake_suite04-300x200.jpg 300w, https:\/\/alive.uy\/wp-content\/uploads\/2019\/09\/corner_lake_suite04-768x512.jpg 768w\" sizes=\"(max-width: 1000px) 100vw, 1000px\" \/>\t\t\t\t\t\t\t<\/div>\r\n\t\t\t\t\t<div class=\"mkdf-ig-image\">\r\n\t\t\t\t\t\t\t\t\t<img loading=\"lazy\" decoding=\"async\" width=\"1000\" height=\"667\" src=\"https:\/\/alive.uy\/wp-content\/uploads\/2019\/09\/corner_lake_suite03.jpg\" class=\"attachment-full size-full\" alt=\"\" srcset=\"https:\/\/alive.uy\/wp-content\/uploads\/2019\/09\/corner_lake_suite03.jpg 1000w, https:\/\/alive.uy\/wp-content\/uploads\/2019\/09\/corner_lake_suite03-300x200.jpg 300w, https:\/\/alive.uy\/wp-content\/uploads\/2019\/09\/corner_lake_suite03-768x512.jpg 768w\" sizes=\"(max-width: 1000px) 100vw, 1000px\" \/>\t\t\t\t\t\t\t<\/div>\r\n\t\t\t\t\t<div class=\"mkdf-ig-image\">\r\n\t\t\t\t\t\t\t\t\t<img loading=\"lazy\" decoding=\"async\" width=\"1000\" height=\"667\" src=\"https:\/\/alive.uy\/wp-content\/uploads\/2019\/09\/corner_lake_suite02.jpg\" class=\"attachment-full size-full\" alt=\"\" srcset=\"https:\/\/alive.uy\/wp-content\/uploads\/2019\/09\/corner_lake_suite02.jpg 1000w, https:\/\/alive.uy\/wp-content\/uploads\/2019\/09\/corner_lake_suite02-300x200.jpg 300w, https:\/\/alive.uy\/wp-content\/uploads\/2019\/09\/corner_lake_suite02-768x512.jpg 768w\" sizes=\"(max-width: 1000px) 100vw, 1000px\" \/>\t\t\t\t\t\t\t<\/div>\r\n\t\t\t\t\t<div class=\"mkdf-ig-image\">\r\n\t\t\t\t\t\t\t\t\t<img loading=\"lazy\" decoding=\"async\" width=\"5040\" height=\"3360\" src=\"https:\/\/alive.uy\/wp-content\/uploads\/2019\/10\/PKC_5980-e1575526630541.jpg\" class=\"attachment-full size-full\" alt=\"\" \/>\t\t\t\t\t\t\t<\/div>\r\n\t\t\t\t\t<div class=\"mkdf-ig-image\">\r\n\t\t\t\t\t\t\t\t\t<img loading=\"lazy\" decoding=\"async\" width=\"5040\" height=\"3360\" src=\"https:\/\/alive.uy\/wp-content\/uploads\/2019\/10\/PKC_5969-Editar-e1575526675808.jpg\" class=\"attachment-full size-full\" alt=\"\" \/>\t\t\t\t\t\t\t<\/div>\r\n\t\t\t<\/div>\r\n<\/div><div class=\"mkdf-section-title-holder  mkdf-st-standard mkdf-st-title-left mkdf-st-normal-space \" style=\"text-align: left\">\r\n\t<div class=\"mkdf-st-inner\">\r\n\t\t\r\n\t\t\t\t\t\t\t<h4 class=\"mkdf-st-title\" >\r\n\t\t\t\tCorner Lake Suite\t\t\t<\/h4>\r\n\t\t\t\t\t\t\t<p class=\"mkdf-st-text\" >\r\n\t\t\t\tUma verdadeira experi\u00eancia multissensorial. Com seu luxuoso 50 mts2 e uma vista total do Laguna del Sauce, fa\u00e7a do Corner Lake Suite uma experi\u00eancia em si. Sua banheira de hidromassagem dupla e vista espetacular d\u00e3o o toque de distin\u00e7\u00e3o \u00e0 Su\u00edte Corner Lake ...\t\t\t<\/p>\r\n\t\t\t<\/div>\r\n<\/div>[vc_row_inner el_class=&#8221;contenedorbtn&#8221; css=&#8221;.vc_custom_1572059639593{padding-top: 5px !important;padding-right: 5px !important;padding-bottom: 5px !important;padding-left: 5px !important;}&#8221;][vc_column_inner]<a itemprop=\"url\" href=\"\/pt-br\/portfolio-item\/corner-lake-suite\/\" target=\"_self\"  class=\"mkdf-btn mkdf-btn-medium mkdf-btn-solid\"  >\r\n    <span class=\"mkdf-btn-text\">Ver detalhes<\/span>\r\n    \t<\/a>[\/vc_column_inner][\/vc_row_inner][\/vc_column][vc_column width=&#8221;1\/3&#8243;]<div class=\"mkdf-image-gallery  mkdf-ig-slider-type mkdf-normal-space mkdf-has-shadow \">\r\n\t<div class=\"mkdf-ig-slider mkdf-owl-slider\" data-number-of-items=\"1\" data-enable-loop=\"yes\" data-enable-autoplay=\"yes\" data-slider-speed=\"5000\" data-slider-speed-animation=\"600\" data-slider-padding=\"no\" data-enable-navigation=\"no\" data-enable-pagination=\"yes\">\r\n\t\t\t\t\t<div class=\"mkdf-ig-image\">\r\n\t\t\t\t\t\t\t\t\t<img loading=\"lazy\" decoding=\"async\" width=\"5040\" height=\"3360\" src=\"https:\/\/alive.uy\/wp-content\/uploads\/2019\/10\/PKC_5845-e1575526762991.jpg\" class=\"attachment-full size-full\" alt=\"\" \/>\t\t\t\t\t\t\t<\/div>\r\n\t\t\t\t\t<div class=\"mkdf-ig-image\">\r\n\t\t\t\t\t\t\t\t\t<img loading=\"lazy\" decoding=\"async\" width=\"5040\" height=\"3360\" src=\"https:\/\/alive.uy\/wp-content\/uploads\/2019\/10\/PKC_5825.jpg\" class=\"attachment-full size-full\" alt=\"\" srcset=\"https:\/\/alive.uy\/wp-content\/uploads\/2019\/10\/PKC_5825.jpg 5040w, https:\/\/alive.uy\/wp-content\/uploads\/2019\/10\/PKC_5825-300x200.jpg 300w, https:\/\/alive.uy\/wp-content\/uploads\/2019\/10\/PKC_5825-768x512.jpg 768w, https:\/\/alive.uy\/wp-content\/uploads\/2019\/10\/PKC_5825-1024x683.jpg 1024w\" sizes=\"(max-width: 5040px) 100vw, 5040px\" \/>\t\t\t\t\t\t\t<\/div>\r\n\t\t\t\t\t<div class=\"mkdf-ig-image\">\r\n\t\t\t\t\t\t\t\t\t<img loading=\"lazy\" decoding=\"async\" width=\"4981\" height=\"3321\" src=\"https:\/\/alive.uy\/wp-content\/uploads\/2019\/10\/PKC_5830.jpg\" class=\"attachment-full size-full\" alt=\"\" srcset=\"https:\/\/alive.uy\/wp-content\/uploads\/2019\/10\/PKC_5830.jpg 4981w, https:\/\/alive.uy\/wp-content\/uploads\/2019\/10\/PKC_5830-300x200.jpg 300w, https:\/\/alive.uy\/wp-content\/uploads\/2019\/10\/PKC_5830-768x512.jpg 768w, https:\/\/alive.uy\/wp-content\/uploads\/2019\/10\/PKC_5830-1024x683.jpg 1024w\" sizes=\"(max-width: 4981px) 100vw, 4981px\" \/>\t\t\t\t\t\t\t<\/div>\r\n\t\t\t\t\t<div class=\"mkdf-ig-image\">\r\n\t\t\t\t\t\t\t\t\t<img loading=\"lazy\" decoding=\"async\" width=\"4401\" height=\"2852\" src=\"https:\/\/alive.uy\/wp-content\/uploads\/2019\/10\/PKC_5849.jpg\" class=\"attachment-full size-full\" alt=\"\" srcset=\"https:\/\/alive.uy\/wp-content\/uploads\/2019\/10\/PKC_5849.jpg 4401w, https:\/\/alive.uy\/wp-content\/uploads\/2019\/10\/PKC_5849-300x194.jpg 300w, https:\/\/alive.uy\/wp-content\/uploads\/2019\/10\/PKC_5849-768x498.jpg 768w, https:\/\/alive.uy\/wp-content\/uploads\/2019\/10\/PKC_5849-1024x664.jpg 1024w\" sizes=\"(max-width: 4401px) 100vw, 4401px\" \/>\t\t\t\t\t\t\t<\/div>\r\n\t\t\t\t\t<div class=\"mkdf-ig-image\">\r\n\t\t\t\t\t\t\t\t\t<img loading=\"lazy\" decoding=\"async\" width=\"3360\" height=\"2240\" src=\"https:\/\/alive.uy\/wp-content\/uploads\/2019\/10\/PKC_5858.jpg\" class=\"attachment-full size-full\" alt=\"\" srcset=\"https:\/\/alive.uy\/wp-content\/uploads\/2019\/10\/PKC_5858.jpg 3360w, https:\/\/alive.uy\/wp-content\/uploads\/2019\/10\/PKC_5858-300x200.jpg 300w, https:\/\/alive.uy\/wp-content\/uploads\/2019\/10\/PKC_5858-768x512.jpg 768w, https:\/\/alive.uy\/wp-content\/uploads\/2019\/10\/PKC_5858-1024x683.jpg 1024w\" sizes=\"(max-width: 3360px) 100vw, 3360px\" \/>\t\t\t\t\t\t\t<\/div>\r\n\t\t\t<\/div>\r\n<\/div><div class=\"mkdf-section-title-holder  mkdf-st-standard mkdf-st-title-left mkdf-st-normal-space \" style=\"text-align: left\">\r\n\t<div class=\"mkdf-st-inner\">\r\n\t\t\r\n\t\t\t\t\t\t\t<h4 class=\"mkdf-st-title\" >\r\n\t\t\t\tSuite Lake Paradise\t\t\t<\/h4>\r\n\t\t\t\t\t\t\t<p class=\"mkdf-st-text\" >\r\n\t\t\t\tEste quarto estimula e desperta sua melhor vers\u00e3o desde sua entrada ... sua espa\u00e7osa sala 50 mts2, seus tons suaves e seu exclusivo terra\u00e7o 10 mts2 fazem desta su\u00edte um quarto dos sonhos. A sua dupla hidromassagem e uma vista exclusiva do Laguna del Sauce ...\t\t\t<\/p>\r\n\t\t\t<\/div>\r\n<\/div>[vc_row_inner el_class=&#8221;contenedorbtn&#8221; css=&#8221;.vc_custom_1572059651562{padding-top: 5px !important;padding-right: 5px !important;padding-bottom: 5px !important;padding-left: 5px !important;}&#8221;][vc_column_inner]<a itemprop=\"url\" href=\"\/pt-br\/portfolio-item\/suite-lake-paradise\/\" target=\"_self\"  class=\"mkdf-btn mkdf-btn-medium mkdf-btn-solid\"  >\r\n    <span class=\"mkdf-btn-text\">Ver detalhes<\/span>\r\n    \t<\/a>[\/vc_column_inner][\/vc_row_inner][\/vc_column][\/vc_row]<\/p>\n<\/div>","protected":false},"excerpt":{"rendered":"<p>[vc_row][vc_column][rev_slider_vc alias=&#8221;suites-pt&#8221; enable_paspartu=&#8221;no&#8221;][\/vc_column][\/vc_row][vc_row css=&#8221;.vc_custom_1570667841262{padding-top: 5% !important;padding-right: 5% !important;padding-left: 5% !important;}&#8221;][vc_column width=&#8221;1\/3&#8243;][vc_row_inner el_class=&#8221;contenedorbtn&#8221; css=&#8221;.vc_custom_1572059612047{padding-top: 5px !important;padding-right: 5px !important;padding-bottom: 5px !important;padding-left: 5px !important;}&#8221;][vc_column_inner][\/vc_column_inner][\/vc_row_inner][\/vc_column][vc_column width=&#8221;1\/3&#8243;][vc_row_inner el_class=&#8221;contenedorbtn&#8221; css=&#8221;.vc_custom_1572059639593{padding-top: 5px !important;padding-right: 5px !important;padding-bottom: 5px !important;padding-left: 5px !important;}&#8221;][vc_column_inner][\/vc_column_inner][\/vc_row_inner][\/vc_column][vc_column width=&#8221;1\/3&#8243;][vc_row_inner el_class=&#8221;contenedorbtn&#8221; css=&#8221;.vc_custom_1572059651562{padding-top: 5px !important;padding-right: 5px !important;padding-bottom: 5px [&hellip;]<\/p>\n","protected":false},"author":7,"featured_media":0,"parent":0,"menu_order":0,"comment_status":"closed","ping_status":"closed","template":"full-width.php","meta":{"footnotes":""},"_links":{"self":[{"href":"https:\/\/alive.uy\/pt-br\/wp-json\/wp\/v2\/pages\/9891"}],"collection":[{"href":"https:\/\/alive.uy\/pt-br\/wp-json\/wp\/v2\/pages"}],"about":[{"href":"https:\/\/alive.uy\/pt-br\/wp-json\/wp\/v2\/types\/page"}],"author":[{"embeddable":true,"href":"https:\/\/alive.uy\/pt-br\/wp-json\/wp\/v2\/users\/7"}],"replies":[{"embeddable":true,"href":"https:\/\/alive.uy\/pt-br\/wp-json\/wp\/v2\/comments?post=9891"}],"version-history":[{"count":4,"href":"https:\/\/alive.uy\/pt-br\/wp-json\/wp\/v2\/pages\/9891\/revisions"}],"predecessor-version":[{"id":10027,"href":"https:\/\/alive.uy\/pt-br\/wp-json\/wp\/v2\/pages\/9891\/revisions\/10027"}],"wp:attachment":[{"href":"https:\/\/alive.uy\/pt-br\/wp-json\/wp\/v2\/media?parent=9891"}],"curies":[{"name":"wp","href":"https:\/\/api.w.org\/{rel}","templated":true}]}}