{"id":9892,"date":"2019-10-10T01:15:45","date_gmt":"2019-10-10T01:15:45","guid":{"rendered":"https:\/\/alive.uy\/?page_id=9892"},"modified":"2024-04-01T07:46:14","modified_gmt":"2024-04-01T07:46:14","slug":"wellness-spa","status":"publish","type":"page","link":"https:\/\/alive.uy\/pt-br\/wellness-spa\/","title":{"rendered":"Wellness SPA"},"content":{"rendered":"<div class=\"wpb-content-wrapper\"><p>[vc_row][vc_column][rev_slider_vc alias=&#8221;wellness-spa-pt&#8221; enable_paspartu=&#8221;no&#8221;][\/vc_column][\/vc_row][vc_row css=&#8221;.vc_custom_1570667841262{padding-top: 5% !important;padding-right: 5% !important;padding-left: 5% !important;}&#8221;][vc_column]<div class=\"mkdf-portfolio-list-holder mkdf-pl-gallery mkdf-normal-space mkdf-pl-four-columns mkdf-pl-standard-shader  mkdf-pl-has-shadow  mkdf-pl-pag-no-pagination     \"  data-type=gallery data-number-of-columns=4 data-space-between-items=normal data-number-of-items=-1 data-image-proportions=square data-enable-fixed-proportions=no data-enable-image-shadow=yes data-category=wellness-spa data-order-by=date data-order=ASC data-item-style=standard-shader data-enable-title=yes data-title-tag=h3 data-enable-category=no data-enable-count-images=yes data-enable-excerpt=yes data-excerpt-length=400 data-pagination-type=no-pagination data-filter=no data-filter-order-by=name data-filter-text-transform=uppercase data-enable-article-animation=no data-portfolio-slider-on=no data-enable-loop=yes data-enable-autoplay=yes data-slider-speed=5000 data-slider-speed-animation=600 data-enable-navigation=yes data-enable-pagination=yes data-enable-separator=yes data-max-num-pages=0 data-next-page=2>\r\n\t\t<div class=\"mkdf-pl-inner mkdf-outer-space  clearfix\">\r\n\t\t<article class=\"mkdf-pl-item mkdf-item-space  post-9909 portfolio-item type-portfolio-item status-publish has-post-thumbnail hentry portfolio-category-wellness-spa-pt-br portfolio-tag-alive\">\r\n\t<div class=\"mkdf-pl-item-inner\">\r\n\t\t<div class=\"mkdf-pli-image\">\r\n\t<img loading=\"lazy\" decoding=\"async\" width=\"550\" height=\"550\" src=\"https:\/\/alive.uy\/wp-content\/uploads\/2019\/09\/destacada_programa_1-550x550.jpg\" class=\"attachment-aviana_mikado_square size-aviana_mikado_square wp-post-image\" alt=\"\" srcset=\"https:\/\/alive.uy\/wp-content\/uploads\/2019\/09\/destacada_programa_1-550x550.jpg 550w, https:\/\/alive.uy\/wp-content\/uploads\/2019\/09\/destacada_programa_1-150x150.jpg 150w\" sizes=\"(max-width: 550px) 100vw, 550px\" \/><\/div>\r\n<div class=\"mkdf-pli-text-holder\">\r\n\t<div class=\"mkdf-pli-text-wrapper\">\r\n\t\t<div class=\"mkdf-pli-text\">\r\n\t\t\t\t<h3 itemprop=\"name\" class=\"mkdf-pli-title entry-title\" >\r\n\t\t<a itemprop=\"url\" class=\"mkdf-block-drag-link\" href=\"https:\/\/alive.uy\/pt-br\/portfolio-item\/water-mattress\/\" target=\"_self\">\r\n\t\t\tCOLCH\u00c3O DE \u00c1GUA\t\t<\/a>\r\n\t<\/h3>\r\n\r\n\t\t\t\r\n\t\t\t\t<p itemprop=\"description\" class=\"mkdf-pli-excerpt\">Um colch\u00e3o \u00fanico de tratamento que proporciona v\u00e1rios benef\u00edcios por meio de uma combina\u00e7\u00e3o de t\u00e9cnicas, incluindo massagem terap\u00eautica. Fa\u00e7a os tratamentos enquanto aproveita a sensa\u00e7\u00e3o agrad\u00e1vel de estar deitado na \u00e1gua a temperaturas diferentes, dependendo do seu objetivo. Para [&hellip;]<\/p>\r\n\t\t<\/div>\r\n\t<\/div>\r\n<\/div>\t\t\r\n\t\t<a itemprop=\"url\" class=\"mkdf-pli-link mkdf-block-drag-link\" href=\"https:\/\/alive.uy\/pt-br\/portfolio-item\/water-mattress\/\" target=\"_self\"><\/a>\r\n\t<\/div>\r\n<\/article><article class=\"mkdf-pl-item mkdf-item-space  post-9910 portfolio-item type-portfolio-item status-publish has-post-thumbnail hentry portfolio-category-wellness-spa-pt-br portfolio-tag-alive\">\r\n\t<div class=\"mkdf-pl-item-inner\">\r\n\t\t<div class=\"mkdf-pli-image\">\r\n\t<img loading=\"lazy\" decoding=\"async\" width=\"550\" height=\"550\" src=\"https:\/\/alive.uy\/wp-content\/uploads\/2019\/09\/capsula_h800-550x550.jpg\" class=\"attachment-aviana_mikado_square size-aviana_mikado_square wp-post-image\" alt=\"\" srcset=\"https:\/\/alive.uy\/wp-content\/uploads\/2019\/09\/capsula_h800-550x550.jpg 550w, https:\/\/alive.uy\/wp-content\/uploads\/2019\/09\/capsula_h800-150x150.jpg 150w\" sizes=\"(max-width: 550px) 100vw, 550px\" \/><\/div>\r\n<div class=\"mkdf-pli-text-holder\">\r\n\t<div class=\"mkdf-pli-text-wrapper\">\r\n\t\t<div class=\"mkdf-pli-text\">\r\n\t\t\t\t<h3 itemprop=\"name\" class=\"mkdf-pli-title entry-title\" >\r\n\t\t<a itemprop=\"url\" class=\"mkdf-block-drag-link\" href=\"https:\/\/alive.uy\/pt-br\/portfolio-item\/capsula-de-sal\/\" target=\"_self\">\r\n\t\t\tC\u00c1PSULA DE SAL\t\t<\/a>\r\n\t<\/h3>\r\n\r\n\t\t\t\r\n\t\t\t\t<p itemprop=\"description\" class=\"mkdf-pli-excerpt\">Todos os benef\u00edcios do mar em uma c\u00e1psula. Tratamento \u00fanico na Am\u00e9rica Latina. A atmosfera salina age atrav\u00e9s da pele e \u00f3rg\u00e3os internos, causando uma acelera\u00e7\u00e3o do metabolismo, melhorando a circula\u00e7\u00e3o sangu\u00ednea e o sistema linf\u00e1tico. E n\u00e3o precisa mergulhar [&hellip;]<\/p>\r\n\t\t<\/div>\r\n\t<\/div>\r\n<\/div>\t\t\r\n\t\t<a itemprop=\"url\" class=\"mkdf-pli-link mkdf-block-drag-link\" href=\"https:\/\/alive.uy\/pt-br\/portfolio-item\/capsula-de-sal\/\" target=\"_self\"><\/a>\r\n\t<\/div>\r\n<\/article><article class=\"mkdf-pl-item mkdf-item-space  post-9911 portfolio-item type-portfolio-item status-publish has-post-thumbnail hentry portfolio-category-wellness-spa-pt-br portfolio-tag-alive\">\r\n\t<div class=\"mkdf-pl-item-inner\">\r\n\t\t<div class=\"mkdf-pli-image\">\r\n\t<img loading=\"lazy\" decoding=\"async\" width=\"550\" height=\"550\" src=\"https:\/\/alive.uy\/wp-content\/uploads\/2019\/09\/gravity_h800-550x550.jpg\" class=\"attachment-aviana_mikado_square size-aviana_mikado_square wp-post-image\" alt=\"\" srcset=\"https:\/\/alive.uy\/wp-content\/uploads\/2019\/09\/gravity_h800-550x550.jpg 550w, https:\/\/alive.uy\/wp-content\/uploads\/2019\/09\/gravity_h800-150x150.jpg 150w\" sizes=\"(max-width: 550px) 100vw, 550px\" \/><\/div>\r\n<div class=\"mkdf-pli-text-holder\">\r\n\t<div class=\"mkdf-pli-text-wrapper\">\r\n\t\t<div class=\"mkdf-pli-text\">\r\n\t\t\t\t<h3 itemprop=\"name\" class=\"mkdf-pli-title entry-title\" >\r\n\t\t<a itemprop=\"url\" class=\"mkdf-block-drag-link\" href=\"https:\/\/alive.uy\/pt-br\/portfolio-item\/alive-zero-gravity\/\" target=\"_self\">\r\n\t\t\tALIVE GRAVIDADE ZERO\t\t<\/a>\r\n\t<\/h3>\r\n\r\n\t\t\t\r\n\t\t\t\t<p itemprop=\"description\" class=\"mkdf-pli-excerpt\">J\u00e1 imaginou reviver a experi\u00eancia de um beb\u00ea dentro do \u00fatero? Com a nossa cama flutuante isso \u00e9 poss\u00edvel. Esse tratamento proporciona v\u00e1rios benef\u00edcios em diferentes aspectos da sa\u00fade. Quando voc\u00ea se coloca na condi\u00e7\u00e3o de gravidade zero, \u00e9 poss\u00edvel [&hellip;]<\/p>\r\n\t\t<\/div>\r\n\t<\/div>\r\n<\/div>\t\t\r\n\t\t<a itemprop=\"url\" class=\"mkdf-pli-link mkdf-block-drag-link\" href=\"https:\/\/alive.uy\/pt-br\/portfolio-item\/alive-zero-gravity\/\" target=\"_self\"><\/a>\r\n\t<\/div>\r\n<\/article><article class=\"mkdf-pl-item mkdf-item-space  post-9912 portfolio-item type-portfolio-item status-publish has-post-thumbnail hentry portfolio-category-wellness-spa-pt-br portfolio-tag-alive\">\r\n\t<div class=\"mkdf-pl-item-inner\">\r\n\t\t<div class=\"mkdf-pli-image\">\r\n\t<img loading=\"lazy\" decoding=\"async\" width=\"550\" height=\"550\" src=\"https:\/\/alive.uy\/wp-content\/uploads\/2019\/09\/machine2_h2000-550x550.jpg\" class=\"attachment-aviana_mikado_square size-aviana_mikado_square wp-post-image\" alt=\"\" srcset=\"https:\/\/alive.uy\/wp-content\/uploads\/2019\/09\/machine2_h2000-550x550.jpg 550w, https:\/\/alive.uy\/wp-content\/uploads\/2019\/09\/machine2_h2000-150x150.jpg 150w, https:\/\/alive.uy\/wp-content\/uploads\/2019\/09\/machine2_h2000-1100x1100.jpg 1100w\" sizes=\"(max-width: 550px) 100vw, 550px\" \/><\/div>\r\n<div class=\"mkdf-pli-text-holder\">\r\n\t<div class=\"mkdf-pli-text-wrapper\">\r\n\t\t<div class=\"mkdf-pli-text\">\r\n\t\t\t\t<h3 itemprop=\"name\" class=\"mkdf-pli-title entry-title\" >\r\n\t\t<a itemprop=\"url\" class=\"mkdf-block-drag-link\" href=\"https:\/\/alive.uy\/pt-br\/portfolio-item\/time-machine\/\" target=\"_self\">\r\n\t\t\tM\u00c1QUINA DO TEMPO\t\t<\/a>\r\n\t<\/h3>\r\n\r\n\t\t\t\r\n\t\t\t\t<p itemprop=\"description\" class=\"mkdf-pli-excerpt\">N\u00f3s, do Alive, somos os \u00fanicos na Am\u00e9rica Latina capazes de oferecer um n\u00edvel t\u00e3o sofisticado de cuidados pessoais. A M\u00e1quina do Tempo Alive \u00e9 direcionada para proporcionar um tratamento hol\u00edstico completo, que n\u00e3o s\u00f3 cuida da beleza, mas tamb\u00e9m [&hellip;]<\/p>\r\n\t\t<\/div>\r\n\t<\/div>\r\n<\/div>\t\t\r\n\t\t<a itemprop=\"url\" class=\"mkdf-pli-link mkdf-block-drag-link\" href=\"https:\/\/alive.uy\/pt-br\/portfolio-item\/time-machine\/\" target=\"_self\"><\/a>\r\n\t<\/div>\r\n<\/article><article class=\"mkdf-pl-item mkdf-item-space  post-9926 portfolio-item type-portfolio-item status-publish has-post-thumbnail hentry portfolio-category-wellness-spa-pt-br portfolio-tag-alive\">\r\n\t<div class=\"mkdf-pl-item-inner\">\r\n\t\t<div class=\"mkdf-pli-image\">\r\n\t<img loading=\"lazy\" decoding=\"async\" width=\"550\" height=\"550\" src=\"https:\/\/alive.uy\/wp-content\/uploads\/2019\/09\/ducha_h800-550x550.jpg\" class=\"attachment-aviana_mikado_square size-aviana_mikado_square wp-post-image\" alt=\"\" srcset=\"https:\/\/alive.uy\/wp-content\/uploads\/2019\/09\/ducha_h800-550x550.jpg 550w, https:\/\/alive.uy\/wp-content\/uploads\/2019\/09\/ducha_h800-150x150.jpg 150w\" sizes=\"(max-width: 550px) 100vw, 550px\" \/><\/div>\r\n<div class=\"mkdf-pli-text-holder\">\r\n\t<div class=\"mkdf-pli-text-wrapper\">\r\n\t\t<div class=\"mkdf-pli-text\">\r\n\t\t\t\t<h3 itemprop=\"name\" class=\"mkdf-pli-title entry-title\" >\r\n\t\t<a itemprop=\"url\" class=\"mkdf-block-drag-link\" href=\"https:\/\/alive.uy\/pt-br\/portfolio-item\/ducha-de-sensaciones\/\" target=\"_self\">\r\n\t\t\tCHUVA DE SENSA\u00c7\u00d5ES\t\t<\/a>\r\n\t<\/h3>\r\n\r\n\t\t\t\r\n\t\t\t\t<p itemprop=\"description\" class=\"mkdf-pli-excerpt\">Projetada para que o momento do banho seja ainda mais especial, essa experi\u00eancia sensorial inclui: configurar o vapor, efeitos de luz, sons, jato de massagem por \u00e1rea, fun\u00e7\u00f5es com tempestade, chuva tropical, ess\u00eancias arom\u00e1ticas e muito mais.<\/p>\r\n\t\t<\/div>\r\n\t<\/div>\r\n<\/div>\t\t\r\n\t\t<a itemprop=\"url\" class=\"mkdf-pli-link mkdf-block-drag-link\" href=\"https:\/\/alive.uy\/pt-br\/portfolio-item\/ducha-de-sensaciones\/\" target=\"_self\"><\/a>\r\n\t<\/div>\r\n<\/article><article class=\"mkdf-pl-item mkdf-item-space  post-9928 portfolio-item type-portfolio-item status-publish has-post-thumbnail hentry portfolio-category-wellness-spa-pt-br portfolio-tag-alive\">\r\n\t<div class=\"mkdf-pl-item-inner\">\r\n\t\t<div class=\"mkdf-pli-image\">\r\n\t<img loading=\"lazy\" decoding=\"async\" width=\"550\" height=\"550\" src=\"https:\/\/alive.uy\/wp-content\/uploads\/2019\/09\/hidromasaje_h800-550x550.jpg\" class=\"attachment-aviana_mikado_square size-aviana_mikado_square wp-post-image\" alt=\"\" srcset=\"https:\/\/alive.uy\/wp-content\/uploads\/2019\/09\/hidromasaje_h800-550x550.jpg 550w, https:\/\/alive.uy\/wp-content\/uploads\/2019\/09\/hidromasaje_h800-150x150.jpg 150w\" sizes=\"(max-width: 550px) 100vw, 550px\" \/><\/div>\r\n<div class=\"mkdf-pli-text-holder\">\r\n\t<div class=\"mkdf-pli-text-wrapper\">\r\n\t\t<div class=\"mkdf-pli-text\">\r\n\t\t\t\t<h3 itemprop=\"name\" class=\"mkdf-pli-title entry-title\" >\r\n\t\t<a itemprop=\"url\" class=\"mkdf-block-drag-link\" href=\"https:\/\/alive.uy\/pt-br\/portfolio-item\/underwater-masage\/\" target=\"_self\">\r\n\t\t\tMASSAGEM SUBAQU\u00c1TICA\t\t<\/a>\r\n\t<\/h3>\r\n\r\n\t\t\t\r\n\t\t\t\t<p itemprop=\"description\" class=\"mkdf-pli-excerpt\">Adequado para problemas circulat\u00f3rios, o tratamento melhora o t\u00f4nus muscular e a sa\u00fade em geral, al\u00e9m de fazer uma drenagem linf\u00e1tica. Tudo isso aproveitando um estado de relaxamento profundo, adquirido por meio da implementa\u00e7\u00e3o de aromaterapia, cromoterapia e at\u00e9 160 [&hellip;]<\/p>\r\n\t\t<\/div>\r\n\t<\/div>\r\n<\/div>\t\t\r\n\t\t<a itemprop=\"url\" class=\"mkdf-pli-link mkdf-block-drag-link\" href=\"https:\/\/alive.uy\/pt-br\/portfolio-item\/underwater-masage\/\" target=\"_self\"><\/a>\r\n\t<\/div>\r\n<\/article><article class=\"mkdf-pl-item mkdf-item-space  post-9930 portfolio-item type-portfolio-item status-publish has-post-thumbnail hentry portfolio-category-wellness-spa-pt-br portfolio-tag-alive\">\r\n\t<div class=\"mkdf-pl-item-inner\">\r\n\t\t<div class=\"mkdf-pli-image\">\r\n\t<img loading=\"lazy\" decoding=\"async\" width=\"550\" height=\"550\" src=\"https:\/\/alive.uy\/wp-content\/uploads\/2019\/09\/face_h2000-550x550.jpg\" class=\"attachment-aviana_mikado_square size-aviana_mikado_square wp-post-image\" alt=\"\" srcset=\"https:\/\/alive.uy\/wp-content\/uploads\/2019\/09\/face_h2000-550x550.jpg 550w, https:\/\/alive.uy\/wp-content\/uploads\/2019\/09\/face_h2000-150x150.jpg 150w, https:\/\/alive.uy\/wp-content\/uploads\/2019\/09\/face_h2000-1100x1100.jpg 1100w\" sizes=\"(max-width: 550px) 100vw, 550px\" \/><\/div>\r\n<div class=\"mkdf-pli-text-holder\">\r\n\t<div class=\"mkdf-pli-text-wrapper\">\r\n\t\t<div class=\"mkdf-pli-text\">\r\n\t\t\t\t<h3 itemprop=\"name\" class=\"mkdf-pli-title entry-title\" >\r\n\t\t<a itemprop=\"url\" class=\"mkdf-block-drag-link\" href=\"https:\/\/alive.uy\/pt-br\/portfolio-item\/scanner-facial\/\" target=\"_self\">\r\n\t\t\tSCANNER FACIAL\t\t<\/a>\r\n\t<\/h3>\r\n\r\n\t\t\t\r\n\t\t\t\t<p itemprop=\"description\" class=\"mkdf-pli-excerpt\">Utilizado para definir a idade biol\u00f3gica da derme, avaliar o tipo de pigmenta\u00e7\u00e3o e poss\u00edveis pontos de vermelhid\u00e3o, estado e grau de rugas, al\u00e9m do volume e das propor\u00e7\u00f5es faciais. Esses dados s\u00e3o fundamentais para desenvolver as t\u00e9cnicas dermoest\u00e9ticas que [&hellip;]<\/p>\r\n\t\t<\/div>\r\n\t<\/div>\r\n<\/div>\t\t\r\n\t\t<a itemprop=\"url\" class=\"mkdf-pli-link mkdf-block-drag-link\" href=\"https:\/\/alive.uy\/pt-br\/portfolio-item\/scanner-facial\/\" target=\"_self\"><\/a>\r\n\t<\/div>\r\n<\/article><article class=\"mkdf-pl-item mkdf-item-space  post-9932 portfolio-item type-portfolio-item status-publish has-post-thumbnail hentry portfolio-category-wellness-spa-pt-br portfolio-tag-alive\">\r\n\t<div class=\"mkdf-pl-item-inner\">\r\n\t\t<div class=\"mkdf-pli-image\">\r\n\t<img loading=\"lazy\" decoding=\"async\" width=\"550\" height=\"550\" src=\"https:\/\/alive.uy\/wp-content\/uploads\/2019\/09\/3d_h2000-550x550.jpg\" class=\"attachment-aviana_mikado_square size-aviana_mikado_square wp-post-image\" alt=\"\" srcset=\"https:\/\/alive.uy\/wp-content\/uploads\/2019\/09\/3d_h2000-550x550.jpg 550w, https:\/\/alive.uy\/wp-content\/uploads\/2019\/09\/3d_h2000-150x150.jpg 150w, https:\/\/alive.uy\/wp-content\/uploads\/2019\/09\/3d_h2000-1100x1100.jpg 1100w\" sizes=\"(max-width: 550px) 100vw, 550px\" \/><\/div>\r\n<div class=\"mkdf-pli-text-holder\">\r\n\t<div class=\"mkdf-pli-text-wrapper\">\r\n\t\t<div class=\"mkdf-pli-text\">\r\n\t\t\t\t<h3 itemprop=\"name\" class=\"mkdf-pli-title entry-title\" >\r\n\t\t<a itemprop=\"url\" class=\"mkdf-block-drag-link\" href=\"https:\/\/alive.uy\/pt-br\/portfolio-item\/scanner-corporal-3d\/\" target=\"_self\">\r\n\t\t\tSCANNER DO CORPO 3D\t\t<\/a>\r\n\t<\/h3>\r\n\r\n\t\t\t\r\n\t\t\t\t<p itemprop=\"description\" class=\"mkdf-pli-excerpt\">Alive tem um equipamento de \u00faltima gera\u00e7\u00e3o que mede a sua composi\u00e7\u00e3o corporal, proporcionando informa\u00e7\u00f5es precisas que ser\u00e3o utilizadas no desenvolvimento de um tratamento personalizado. O Scanner do Corpo 3D revolucionou a maneira de se fazer uma avalia\u00e7\u00e3o f\u00edsica. Basta [&hellip;]<\/p>\r\n\t\t<\/div>\r\n\t<\/div>\r\n<\/div>\t\t\r\n\t\t<a itemprop=\"url\" class=\"mkdf-pli-link mkdf-block-drag-link\" href=\"https:\/\/alive.uy\/pt-br\/portfolio-item\/scanner-corporal-3d\/\" target=\"_self\"><\/a>\r\n\t<\/div>\r\n<\/article><article class=\"mkdf-pl-item mkdf-item-space  post-9934 portfolio-item type-portfolio-item status-publish has-post-thumbnail hentry portfolio-category-wellness-spa-pt-br portfolio-tag-alive\">\r\n\t<div class=\"mkdf-pl-item-inner\">\r\n\t\t<div class=\"mkdf-pli-image\">\r\n\t<img loading=\"lazy\" decoding=\"async\" width=\"550\" height=\"550\" src=\"https:\/\/alive.uy\/wp-content\/uploads\/2019\/09\/himalaya_h800-550x550.jpg\" class=\"attachment-aviana_mikado_square size-aviana_mikado_square wp-post-image\" alt=\"\" srcset=\"https:\/\/alive.uy\/wp-content\/uploads\/2019\/09\/himalaya_h800-550x550.jpg 550w, https:\/\/alive.uy\/wp-content\/uploads\/2019\/09\/himalaya_h800-150x150.jpg 150w\" sizes=\"(max-width: 550px) 100vw, 550px\" \/><\/div>\r\n<div class=\"mkdf-pli-text-holder\">\r\n\t<div class=\"mkdf-pli-text-wrapper\">\r\n\t\t<div class=\"mkdf-pli-text\">\r\n\t\t\t\t<h3 itemprop=\"name\" class=\"mkdf-pli-title entry-title\" >\r\n\t\t<a itemprop=\"url\" class=\"mkdf-block-drag-link\" href=\"https:\/\/alive.uy\/pt-br\/portfolio-item\/himalayan-salt-bed\/\" target=\"_self\">\r\n\t\t\tCAMA DO SAL HIMALAIA\t\t<\/a>\r\n\t<\/h3>\r\n\r\n\t\t\t\r\n\t\t\t\t<p itemprop=\"description\" class=\"mkdf-pli-excerpt\">O sal do Himalaia \u00e9 completamente natural e puro, livre de aditivos e contaminantes e rico em subst\u00e2ncias ben\u00e9ficas ao nosso organismo. Os cristais t\u00eam alto valor bioenerg\u00e9tico e cont\u00eam os minerais e oligoelementos necess\u00e1rios para reequilibrar o corpo. O [&hellip;]<\/p>\r\n\t\t<\/div>\r\n\t<\/div>\r\n<\/div>\t\t\r\n\t\t<a itemprop=\"url\" class=\"mkdf-pli-link mkdf-block-drag-link\" href=\"https:\/\/alive.uy\/pt-br\/portfolio-item\/himalayan-salt-bed\/\" target=\"_self\"><\/a>\r\n\t<\/div>\r\n<\/article><article class=\"mkdf-pl-item mkdf-item-space  post-9936 portfolio-item type-portfolio-item status-publish has-post-thumbnail hentry portfolio-category-wellness-spa-pt-br portfolio-tag-alive\">\r\n\t<div class=\"mkdf-pl-item-inner\">\r\n\t\t<div class=\"mkdf-pli-image\">\r\n\t<img loading=\"lazy\" decoding=\"async\" width=\"550\" height=\"550\" src=\"https:\/\/alive.uy\/wp-content\/uploads\/2019\/09\/oxigeno_h800-550x550.jpg\" class=\"attachment-aviana_mikado_square size-aviana_mikado_square wp-post-image\" alt=\"\" srcset=\"https:\/\/alive.uy\/wp-content\/uploads\/2019\/09\/oxigeno_h800-550x550.jpg 550w, https:\/\/alive.uy\/wp-content\/uploads\/2019\/09\/oxigeno_h800-150x150.jpg 150w\" sizes=\"(max-width: 550px) 100vw, 550px\" \/><\/div>\r\n<div class=\"mkdf-pli-text-holder\">\r\n\t<div class=\"mkdf-pli-text-wrapper\">\r\n\t\t<div class=\"mkdf-pli-text\">\r\n\t\t\t\t<h3 itemprop=\"name\" class=\"mkdf-pli-title entry-title\" >\r\n\t\t<a itemprop=\"url\" class=\"mkdf-block-drag-link\" href=\"https:\/\/alive.uy\/pt-br\/portfolio-item\/bar-de-oxigeno\/\" target=\"_self\">\r\n\t\t\tBAR DE OXIG\u00caNIO\t\t<\/a>\r\n\t<\/h3>\r\n\r\n\t\t\t\r\n\t\t\t\t<p itemprop=\"description\" class=\"mkdf-pli-excerpt\">Nosso Bar de Oxig\u00eanio auxilia na elimina\u00e7\u00e3o das toxinas do organismo, oxigena o sangue, favorece a circula\u00e7\u00e3o e ativa as c\u00e9lulas da pele. Al\u00e9m disso, ativa a produ\u00e7\u00e3o de neurotransmissores respons\u00e1veis pela sensa\u00e7\u00e3o de alegria e felicidade, como a serotonina, [&hellip;]<\/p>\r\n\t\t<\/div>\r\n\t<\/div>\r\n<\/div>\t\t\r\n\t\t<a itemprop=\"url\" class=\"mkdf-pli-link mkdf-block-drag-link\" href=\"https:\/\/alive.uy\/pt-br\/portfolio-item\/bar-de-oxigeno\/\" target=\"_self\"><\/a>\r\n\t<\/div>\r\n<\/article>\t<\/div>\r\n\t\r\n\t<\/div>[\/vc_column][\/vc_row]<\/p>\n<\/div>","protected":false},"excerpt":{"rendered":"<p>[vc_row][vc_column][rev_slider_vc alias=&#8221;wellness-spa-pt&#8221; enable_paspartu=&#8221;no&#8221;][\/vc_column][\/vc_row][vc_row css=&#8221;.vc_custom_1570667841262{padding-top: 5% !important;padding-right: 5% !important;padding-left: 5% !important;}&#8221;][vc_column][\/vc_column][\/vc_row]<\/p>\n","protected":false},"author":7,"featured_media":0,"parent":0,"menu_order":0,"comment_status":"closed","ping_status":"closed","template":"full-width.php","meta":{"footnotes":""},"_links":{"self":[{"href":"https:\/\/alive.uy\/pt-br\/wp-json\/wp\/v2\/pages\/9892"}],"collection":[{"href":"https:\/\/alive.uy\/pt-br\/wp-json\/wp\/v2\/pages"}],"about":[{"href":"https:\/\/alive.uy\/pt-br\/wp-json\/wp\/v2\/types\/page"}],"author":[{"embeddable":true,"href":"https:\/\/alive.uy\/pt-br\/wp-json\/wp\/v2\/users\/7"}],"replies":[{"embeddable":true,"href":"https:\/\/alive.uy\/pt-br\/wp-json\/wp\/v2\/comments?post=9892"}],"version-history":[{"count":2,"href":"https:\/\/alive.uy\/pt-br\/wp-json\/wp\/v2\/pages\/9892\/revisions"}],"predecessor-version":[{"id":9898,"href":"https:\/\/alive.uy\/pt-br\/wp-json\/wp\/v2\/pages\/9892\/revisions\/9898"}],"wp:attachment":[{"href":"https:\/\/alive.uy\/pt-br\/wp-json\/wp\/v2\/media?parent=9892"}],"curies":[{"name":"wp","href":"https:\/\/api.w.org\/{rel}","templated":true}]}}