{"id":9893,"date":"2019-11-02T02:21:47","date_gmt":"2019-11-02T02:21:47","guid":{"rendered":"https:\/\/alive.uy\/?page_id=9893"},"modified":"2024-04-01T07:42:24","modified_gmt":"2024-04-01T07:42:24","slug":"reservar","status":"publish","type":"page","link":"https:\/\/alive.uy\/pt-br\/reservar\/","title":{"rendered":"Reservar"},"content":{"rendered":"<div class=\"wpb-content-wrapper\"><p>[vc_row css=&#8221;.vc_custom_1572663773243{margin-bottom: 10px !important;}&#8221;][vc_column][vc_column_text]<div id=\"multi-step-form\" class=\"fw-wizard\" data-stepCount=\"5\" data-wizardid=\"5\">\n    <div class=\"fw-wizard-step-header-container\">\n        <div class=\"fw-container\" data-redirect=\"\/gracias-por-su-reserva\/\">\n                <div class=\"fw-wizard-step-header\" data-stepId=\"0\">\n            <h2>Bem-vindo a Alive Health Spa Resort!<\/h2>\n            <p class=\"fw-copytext\"><\/p>\n        <\/div>\n                <div class=\"fw-wizard-step-header\" data-stepId=\"1\">\n            <h2>Digite as datas da sua estadia<\/h2>\n            <p class=\"fw-copytext\"><\/p>\n        <\/div>\n                <div class=\"fw-wizard-step-header\" data-stepId=\"2\">\n            <h2>Detalhes do h\u00f3spedes<\/h2>\n            <p class=\"fw-copytext\"><\/p>\n        <\/div>\n                <div class=\"fw-wizard-step-header\" data-stepId=\"3\">\n            <h2>Vamos come\u00e7ar com uma apresenta\u00e7\u00e3o r\u00e1pida.<\/h2>\n            <p class=\"fw-copytext\"><\/p>\n        <\/div>\n                <div class=\"fw-wizard-step-header\" data-stepId=\"4\">\n            <h2>Se voc\u00ea deseja nos enviar algumas informa\u00e7\u00f5es extras, escreva-as nesta se\u00e7\u00e3o.<\/h2>\n            <p class=\"fw-copytext\"><\/p>\n        <\/div>\n                <\/div>\n    <\/div>\n    <div class=\"fw-progress-bar-container \">\n        <div class=\"fw-container\">\n    <div class=\"fw-progress-wrap\">\n    <ul class=\"fw-progress-bar\"\n        data-activecolor=\"#d6b981\"\n        data-donecolor=\"#d6b981\"\n        data-nextcolor=\"#b2b2b2\"\n        data-buttoncolor=\"#d6b981\">\n                <li class=\"fw-progress-step\"\n            data-id=\"0\">\n            <span class=\"fw-progress-bar-bar\"><\/span>\n            <span class=\"fw-txt-ellipsis\" data-title=\"Bem-vindo!\">Bem-vindo!<\/span>\n                    <\/li>\n                    <li class=\"fw-progress-step\"\n            data-id=\"1\">\n            <span class=\"fw-progress-bar-bar\"><\/span>\n            <span class=\"fw-txt-ellipsis\" data-title=\"Datas\">Datas<\/span>\n                    <\/li>\n                    <li class=\"fw-progress-step\"\n            data-id=\"2\">\n            <span class=\"fw-progress-bar-bar\"><\/span>\n            <span class=\"fw-txt-ellipsis\" data-title=\"H\u00f3spede\">H\u00f3spede<\/span>\n                    <\/li>\n                    <li class=\"fw-progress-step\"\n            data-id=\"3\">\n            <span class=\"fw-progress-bar-bar\"><\/span>\n            <span class=\"fw-txt-ellipsis\" data-title=\"Informa\u00e7\u00f5es para contato\">Informa\u00e7\u00f5es para contato<\/span>\n                    <\/li>\n                    <li class=\"fw-progress-step\"\n            data-id=\"4\">\n            <span class=\"fw-progress-bar-bar\"><\/span>\n            <span class=\"fw-txt-ellipsis\" data-title=\"Conclus\u00e3o\">Conclus\u00e3o<\/span>\n                    <\/li>\n                <\/ul>\n<\/div>\n        <\/div>\n    <\/div>\n    <div class=\"fw-wizard-step-container\">\n        <div class=\"fw-container\">\n                    <div class=\"fw-wizard-step\" data-stepId=\"0\">\n                <div class=\"fw-step-part \" data-partId=\"0\">\n\t<h2 class=\"fw-step-part-title \">\n\t\t\tSele\u00e7\u00e3o de programa\t<\/h2>\n\t<div class=\"fw-clearfix\"><\/div>\n\t<div class=\"fw-step-part-body\">\n\t\t\t\t\t\t\t\t\t<div class=\"fw-step-block\" data-blockId=\"5\" data-type=\"fw-radio\" data-required=\"true\">\n\t\t\t\t\t\t\t\t<h3>Programa<\/h3>\n\t\t\t\t\t\t\t\t\t\t<div class=\"fw-choice fw-input-container\" data-type=\"fw-checkbox\">\n\t\t\t\t\t\t<input id=\"fw-5-0-0-0-1\" type=\"checkbox\" class=\"fw-checkbox\" name=\"fw-5-0-0-0\" data-id=\"1\">\n\t\t\t\t\t\t<label for=\"fw-5-0-0-0-1\" data-labelId=\"1\">SLIM SAUD\u00c1VEL<\/label>\n\t\t\t\t\t<\/div>\n\t\t\t\t\t\t\t\t\t\t<div class=\"fw-choice fw-input-container\" data-type=\"fw-checkbox\">\n\t\t\t\t\t\t<input id=\"fw-5-0-0-0-2\" type=\"checkbox\" class=\"fw-checkbox\" name=\"fw-5-0-0-0\" data-id=\"2\">\n\t\t\t\t\t\t<label for=\"fw-5-0-0-0-2\" data-labelId=\"2\">RELAX & FITNESS 3 NOITES<\/label>\n\t\t\t\t\t<\/div>\n\t\t\t\t\t\t\t\t\t\t<div class=\"fw-choice fw-input-container\" data-type=\"fw-checkbox\">\n\t\t\t\t\t\t<input id=\"fw-5-0-0-0-3\" type=\"checkbox\" class=\"fw-checkbox\" name=\"fw-5-0-0-0\" data-id=\"3\">\n\t\t\t\t\t\t<label for=\"fw-5-0-0-0-3\" data-labelId=\"3\">RELAX & FITNESS 4 NOITES<\/label>\n\t\t\t\t\t<\/div>\n\t\t\t\t\t\t\t\t\t\t<div class=\"fw-choice fw-input-container\" data-type=\"fw-checkbox\">\n\t\t\t\t\t\t<input id=\"fw-5-0-0-0-4\" type=\"checkbox\" class=\"fw-checkbox\" name=\"fw-5-0-0-0\" data-id=\"4\">\n\t\t\t\t\t\t<label for=\"fw-5-0-0-0-4\" data-labelId=\"4\">RELAX & FITNESS 7 NOITES<\/label>\n\t\t\t\t\t<\/div>\n\t\t\t\t\t\t\t\t\t\t<div class=\"fw-choice fw-input-container\" data-type=\"fw-checkbox\">\n\t\t\t\t\t\t<input id=\"fw-5-0-0-0-5\" type=\"checkbox\" class=\"fw-checkbox\" name=\"fw-5-0-0-0\" data-id=\"5\">\n\t\t\t\t\t\t<label for=\"fw-5-0-0-0-5\" data-labelId=\"5\">DETOX ALKALINE<\/label>\n\t\t\t\t\t<\/div>\n\t\t\t\t\t\t\t\t\t\t<div class=\"fw-choice fw-input-container\" data-type=\"fw-checkbox\">\n\t\t\t\t\t\t<input id=\"fw-5-0-0-0-6\" type=\"checkbox\" class=\"fw-checkbox\" name=\"fw-5-0-0-0\" data-id=\"6\">\n\t\t\t\t\t\t<label for=\"fw-5-0-0-0-6\" data-labelId=\"6\">ANTI-STRESS<\/label>\n\t\t\t\t\t<\/div>\n\t\t\t\t\t\t\t\t\t\t<div class=\"fw-choice fw-input-container\" data-type=\"fw-checkbox\">\n\t\t\t\t\t\t<input id=\"fw-5-0-0-0-7\" type=\"checkbox\" class=\"fw-checkbox\" name=\"fw-5-0-0-0\" data-id=\"7\">\n\t\t\t\t\t\t<label for=\"fw-5-0-0-0-7\" data-labelId=\"7\">ANTI-FUMO<\/label>\n\t\t\t\t\t<\/div>\n\t\t\t\t\t\t\t<\/div>\n\t\t\t\t\t\t\t\t\t\t\t<div class=\"fw-step-block\" data-blockId=\"5\" data-type=\"fw-radio\" data-required=\"true\">\n\t\t\t\t\t\t\t\t<h3>Selecionar taxa de programa<\/h3>\n\t\t\t\t\t\t\t\t\t\t<span class=\"fw-choice fw-radio-row\">\n\t\t\t\t\t\t<input id=\"fw-5-0-0-1-1\" type=\"radio\" name=\"fw-5-0-0-1\" class=\"fw-radio\" data-id=\"1\">\n\t\t\t\t\t\t<label for=\"fw-5-0-0-1-1\" data-labelId=\"1\">Tarifa Alive<\/label>\n\t\t\t\t\t<\/span>\n\t\t\t\t\t\t\t\t\t\t<span class=\"fw-choice fw-radio-row\">\n\t\t\t\t\t\t<input id=\"fw-5-0-0-1-2\" type=\"radio\" name=\"fw-5-0-0-1\" class=\"fw-radio\" data-id=\"2\">\n\t\t\t\t\t\t<label for=\"fw-5-0-0-1-2\" data-labelId=\"2\">Tarifa Premium<\/label>\n\t\t\t\t\t<\/span>\n\t\t\t\t\t\t\t<\/div>\n\t\t\t\t\t\t<\/div>\n<\/div>\n\t\t\t                <div class=\"fw-clearfix\"><\/div>\n            <\/div>\n                        <div class=\"fw-wizard-step\" data-stepId=\"1\">\n                <div class=\"fw-step-part \" data-partId=\"0\">\n\t<h2 class=\"fw-step-part-title \">\n\t\t\tSele\u00e7\u00e3o de data\t<\/h2>\n\t<div class=\"fw-clearfix\"><\/div>\n\t<div class=\"fw-step-part-body\">\n\t\t\t\t\t\t\t\t\t<div class=\"fw-step-block\" data-blockId=\"5\" data-type=\"fw-select\" data-required=\"false\">\t\n\t\t\t<label for=\"msf-select-n\u00famero-de-noites\"><h3>N\u00famero de noites<\/h3><\/label>\n\t\t\t<select class=\"fw-select\" \n\t\t\t\tdata-search=\"true\" \n\t\t\t\tdata-placeholder=\"0\" \n\t\t\t\tdata-required=\"false\"\n\t\t\t\tid=\"msf-select-n\u00famero-de-noites\">\n\t\t\t\t<option><\/option>\n\t\t\t\t\t\t\t\t<option id=\"fw-5-1-0-0-0\" type=\"select\" name=\"fw-5-1-0-0\">3<\/option>\n\t\t\t\t\t\t\t\t<option id=\"fw-5-1-0-0-1\" type=\"select\" name=\"fw-5-1-0-0\">4<\/option>\n\t\t\t\t\t\t\t\t<option id=\"fw-5-1-0-0-2\" type=\"select\" name=\"fw-5-1-0-0\">5<\/option>\n\t\t\t\t\t\t\t\t<option id=\"fw-5-1-0-0-3\" type=\"select\" name=\"fw-5-1-0-0\">6<\/option>\n\t\t\t\t\t\t\t\t<option id=\"fw-5-1-0-0-4\" type=\"select\" name=\"fw-5-1-0-0\">7<\/option>\n\t\t\t\t\t\t\t\t<option id=\"fw-5-1-0-0-5\" type=\"select\" name=\"fw-5-1-0-0\">8<\/option>\n\t\t\t\t\t\t\t\t<option id=\"fw-5-1-0-0-6\" type=\"select\" name=\"fw-5-1-0-0\">9<\/option>\n\t\t\t\t\t\t\t\t<option id=\"fw-5-1-0-0-7\" type=\"select\" name=\"fw-5-1-0-0\">10<\/option>\n\t\t\t\t\t\t\t\t<option id=\"fw-5-1-0-0-8\" type=\"select\" name=\"fw-5-1-0-0\">11<\/option>\n\t\t\t\t\t\t\t\t<option id=\"fw-5-1-0-0-9\" type=\"select\" name=\"fw-5-1-0-0\">12<\/option>\n\t\t\t\t\t\t\t\t<option id=\"fw-5-1-0-0-10\" type=\"select\" name=\"fw-5-1-0-0\">13<\/option>\n\t\t\t\t\t\t\t\t<option id=\"fw-5-1-0-0-11\" type=\"select\" name=\"fw-5-1-0-0\">14<\/option>\n\t\t\t\t\t\t\t\t<option id=\"fw-5-1-0-0-12\" type=\"select\" name=\"fw-5-1-0-0\">15<\/option>\n\t\t\t\t\t\t\t\t<option id=\"fw-5-1-0-0-13\" type=\"select\" name=\"fw-5-1-0-0\">16<\/option>\n\t\t\t\t\t\t\t\t<option id=\"fw-5-1-0-0-14\" type=\"select\" name=\"fw-5-1-0-0\">17<\/option>\n\t\t\t\t\t\t\t\t<option id=\"fw-5-1-0-0-15\" type=\"select\" name=\"fw-5-1-0-0\">18<\/option>\n\t\t\t\t\t\t\t\t<option id=\"fw-5-1-0-0-16\" type=\"select\" name=\"fw-5-1-0-0\">19<\/option>\n\t\t\t\t\t\t\t\t<option id=\"fw-5-1-0-0-17\" type=\"select\" name=\"fw-5-1-0-0\">20<\/option>\n\t\t\t\t\t\t\t\t<option id=\"fw-5-1-0-0-18\" type=\"select\" name=\"fw-5-1-0-0\">21<\/option>\n\t\t\t\t\t\t\t\t<option id=\"fw-5-1-0-0-19\" type=\"select\" name=\"fw-5-1-0-0\">22<\/option>\n\t\t\t\t\t\t\t\t<option id=\"fw-5-1-0-0-20\" type=\"select\" name=\"fw-5-1-0-0\">23<\/option>\n\t\t\t\t\t\t\t\t<option id=\"fw-5-1-0-0-21\" type=\"select\" name=\"fw-5-1-0-0\">24<\/option>\n\t\t\t\t\t\t\t\t<option id=\"fw-5-1-0-0-22\" type=\"select\" name=\"fw-5-1-0-0\">25<\/option>\n\t\t\t\t\t\t\t\t<option id=\"fw-5-1-0-0-23\" type=\"select\" name=\"fw-5-1-0-0\">26<\/option>\n\t\t\t\t\t\t\t\t<option id=\"fw-5-1-0-0-24\" type=\"select\" name=\"fw-5-1-0-0\">27<\/option>\n\t\t\t\t\t\t\t\t<option id=\"fw-5-1-0-0-25\" type=\"select\" name=\"fw-5-1-0-0\">28<\/option>\n\t\t\t\t\t\t\t\t<option id=\"fw-5-1-0-0-26\" type=\"select\" name=\"fw-5-1-0-0\">29<\/option>\n\t\t\t\t\t\t\t\t<option id=\"fw-5-1-0-0-27\" type=\"select\" name=\"fw-5-1-0-0\">30<\/option>\n\t\t\t\t\t\t\t<\/select>\n\t\t<\/div>\n\t\t  \t\t\t\t\t\t\t\t\t<div class=\"fw-step-block\" data-blockId=\"5\" data-type=\"fw-radio\" data-required=\"false\">\n\t\t\t\t\t\t\t\t<h3>Data<\/h3>\n\t\t\t\t\t\t\t\t\t\t<span class=\"fw-choice fw-radio-row\">\n\t\t\t\t\t\t<input id=\"fw-5-1-0-1-1\" type=\"radio\" name=\"fw-5-1-0-1\" class=\"fw-radio\" data-id=\"1\">\n\t\t\t\t\t\t<label for=\"fw-5-1-0-1-1\" data-labelId=\"1\">Ainda n\u00e3o tenho data!<\/label>\n\t\t\t\t\t<\/span>\n\t\t\t\t\t\t\t\t\t\t<span class=\"fw-choice fw-radio-row\">\n\t\t\t\t\t\t<input id=\"fw-5-1-0-1-2\" type=\"radio\" name=\"fw-5-1-0-1\" class=\"fw-radio\" data-id=\"2\">\n\t\t\t\t\t\t<label for=\"fw-5-1-0-1-2\" data-labelId=\"2\">Se eu tiver data<\/label>\n\t\t\t\t\t<\/span>\n\t\t\t\t\t\t\t<\/div>\n\t\t\t\t\t\t\t\t\t\t\t<div class=\"fw-step-block\" data-blockId=\"5\" data-type=\"fw-date\" data-required=\"false\">\n\t\t\t<div class=\"fw-input-container\">\n\t\t\t\t<label for=\"msf-date-data-de-chegada\"><h3>Data de chegada<\/h3><\/label>\n\t\t\t\t<input type=\"text\" id=\"msf-date-data-de-chegada\"  class=\"fw-text-input fw-datepicker-here\" data-id=\"date\" data-language=\"en\" data-dateformat=\"dd\/mm\/yyyy\">\n\t\t\t\t<span class=\"fa fa-calendar form-control-feedback\" aria-hidden=\"true\"><\/span>\n\t\t\t<\/div>\n\t\t\t<div class=\"fw-clearfix\"><\/div>\n\t\t<\/div>\n\t\t\t\t\t\t<\/div>\n<\/div>\n\t\t\t                <div class=\"fw-clearfix\"><\/div>\n            <\/div>\n                        <div class=\"fw-wizard-step\" data-stepId=\"2\">\n                <div class=\"fw-step-part \" data-partId=\"0\">\n\t<h2 class=\"fw-step-part-title \">\n\t\t\tDigite o n\u00famero de h\u00f3spedes e o nome de cada um.\t<\/h2>\n\t<div class=\"fw-clearfix\"><\/div>\n\t<div class=\"fw-step-part-body\">\n\t\t\t\t\t\t\t\t\t<div class=\"fw-step-block\" data-blockId=\"5\" data-type=\"fw-select\" data-required=\"true\">\t\n\t\t\t<label for=\"msf-select-n\u00famero-de-h\u00f3spedes\"><h3>N\u00famero de h\u00f3spedes<\/h3><\/label>\n\t\t\t<select class=\"fw-select\" \n\t\t\t\tdata-search=\"true\" \n\t\t\t\tdata-placeholder=\"0\" \n\t\t\t\tdata-required=\"true\"\n\t\t\t\tid=\"msf-select-n\u00famero-de-h\u00f3spedes\">\n\t\t\t\t<option><\/option>\n\t\t\t\t\t\t\t\t<option id=\"fw-5-2-0-0-0\" type=\"select\" name=\"fw-5-2-0-0\">1<\/option>\n\t\t\t\t\t\t\t\t<option id=\"fw-5-2-0-0-1\" type=\"select\" name=\"fw-5-2-0-0\">2<\/option>\n\t\t\t\t\t\t\t\t<option id=\"fw-5-2-0-0-2\" type=\"select\" name=\"fw-5-2-0-0\">3<\/option>\n\t\t\t\t\t\t\t\t<option id=\"fw-5-2-0-0-3\" type=\"select\" name=\"fw-5-2-0-0\">4<\/option>\n\t\t\t\t\t\t\t\t<option id=\"fw-5-2-0-0-4\" type=\"select\" name=\"fw-5-2-0-0\">5<\/option>\n\t\t\t\t\t\t\t\t<option id=\"fw-5-2-0-0-5\" type=\"select\" name=\"fw-5-2-0-0\">6<\/option>\n\t\t\t\t\t\t\t\t<option id=\"fw-5-2-0-0-6\" type=\"select\" name=\"fw-5-2-0-0\">7<\/option>\n\t\t\t\t\t\t\t\t<option id=\"fw-5-2-0-0-7\" type=\"select\" name=\"fw-5-2-0-0\">8<\/option>\n\t\t\t\t\t\t\t\t<option id=\"fw-5-2-0-0-8\" type=\"select\" name=\"fw-5-2-0-0\">9<\/option>\n\t\t\t\t\t\t\t\t<option id=\"fw-5-2-0-0-9\" type=\"select\" name=\"fw-5-2-0-0\">10<\/option>\n\t\t\t\t\t\t\t<\/select>\n\t\t<\/div>\n\t\t  \t\t\t\t\t\t\t\t\t<div class=\"fw-step-block\" data-blockId=\"5\" data-type=\"fw-textarea\" data-required=\"false\">\n\t\t\t<div class=\"fw-input-container\">\n\t\t\t\t<label for=\"msf-textarea-nome-do-h\u00f3spedes\"><h3>Nome do h\u00f3spedes<\/h3><\/label>\n\t\t\t\t<textarea \n\t\t\t\t\tclass=\"fw-textarea\"\n\t\t\t\t\tid=\"msf-textarea-nome-do-h\u00f3spedes\"\n\t\t\t\t\tdata-id=\"textarea\"><\/textarea>\n\t\t\t\t<span class=\"fa fa-pencil t-area form-control-feedback\" aria-hidden=\"true\"><\/span>\n\t\t\t<\/div>\n\t\t\t<div class=\"fw-clearfix\"><\/div>\n\t\t<\/div>\n\t\t\t\t\t\t<\/div>\n<\/div>\n\t\t\t                <div class=\"fw-clearfix\"><\/div>\n            <\/div>\n                        <div class=\"fw-wizard-step\" data-stepId=\"3\">\n                <div class=\"fw-step-part \" data-partId=\"0\">\n\t<h2 class=\"fw-step-part-title \">\n\t\t\tDigite o e-Mail\t<\/h2>\n\t<div class=\"fw-clearfix\"><\/div>\n\t<div class=\"fw-step-part-body\">\n\t\t\t\t\t\t\t\t\t<div class=\"fw-step-block\" data-blockId=\"5\" data-type=\"fw-email\" data-required=\"true\">\n\t\t\t<div class=\"fw-input-container\">\n\t\t\t\t<label for=\"msf-mail-e-mail\"><h3>e-Mail<\/h3><\/label>\n\t\t\t\t<input type=\"text\" id=\"msf-mail-e-mail\"  class=\"fw-text-input one\" data-id=\"email\">\n\t\t\t\t<span class=\"fa fa-envelope form-control-feedback\" aria-hidden=\"true\"><\/span>\n\t\t\t<\/div>\n\t\t\t\t\t\t<div class=\"fw-clearfix\"><\/div>\n\t\t<\/div>\n\t  \t\t\t\t\t\t\t\t\t<div class=\"fw-step-block\" data-blockId=\"5\" data-type=\"fw-text\" data-required=\"true\">\n\t\t\t<div class=\"fw-input-container\">\n\t\t\t\t<label for=\"msf-text-n\u00famero-de-telefone-(ex:-+598-99-111-222)\"><h3>N\u00famero de telefone (Ex: +598 99 111 222)<\/h3><\/label>\n\t\t\t\t<input \n\t\t\t\t\ttype=\"text\" \n\t\t\t\t\tclass=\"fw-text-input\" \n\t\t\t\t\tid=\"msf-text-n\u00famero-de-telefone-(ex:-+598-99-111-222)\"\n\t\t\t\t\tdata-id=\"text\">\n\t\t\t\t<span class=\"fa fa-pencil form-control-feedback\" aria-hidden=\"true\"><\/span>\n\t\t\t<\/div>\n\t\t\t<div class=\"fw-clearfix\"><\/div>\n\t\t<\/div>\n\t\t\t\t\t\t<\/div>\n<\/div>\n\t\t\t                <div class=\"fw-clearfix\"><\/div>\n            <\/div>\n                        <div class=\"fw-wizard-step\" data-stepId=\"4\">\n                <div class=\"fw-step-part \" data-partId=\"0\">\n\t<h2 class=\"fw-step-part-title \">\n\t\t\tObserva\u00e7\u00f5es\t<\/h2>\n\t<div class=\"fw-clearfix\"><\/div>\n\t<div class=\"fw-step-part-body\">\n\t\t\t\t\t\t\t\t\t<div class=\"fw-step-block\" data-blockId=\"5\" data-type=\"fw-textarea\" data-required=\"false\">\n\t\t\t<div class=\"fw-input-container\">\n\t\t\t\t<label for=\"msf-textarea-adicionar-um-coment\u00e1rio\"><h3>Adicionar um coment\u00e1rio<\/h3><\/label>\n\t\t\t\t<textarea \n\t\t\t\t\tclass=\"fw-textarea\"\n\t\t\t\t\tid=\"msf-textarea-adicionar-um-coment\u00e1rio\"\n\t\t\t\t\tdata-id=\"textarea\"><\/textarea>\n\t\t\t\t<span class=\"fa fa-pencil t-area form-control-feedback\" aria-hidden=\"true\"><\/span>\n\t\t\t<\/div>\n\t\t\t<div class=\"fw-clearfix\"><\/div>\n\t\t<\/div>\n\t\t\t\t\t\t\t\t\t\t\t<div class=\"fw-step-block\" data-blockId=\"5\" data-type=\"fw-paragraph\">\n\t\t\t<div class=\"fw-paragraph-container\">\n\t\t\t\t<p>Voc\u00ea est\u00e1 enviando uma pr\u00e9-reserva que ser\u00e1 cotada pela nossa equipe comercial, que entrar\u00e1 em contato em breve. Obrigado por nos escolher!<\/p>\n\t\t\t<\/div>\n\t\t\t<div class=\"fw-clearfix\"><\/div>\n\t\t<\/div>\n\t\t\t\t\t\t<\/div>\n<\/div>\n\t\t\t                        <div class=\"fw-summary-container\">\n                            <button type=\"button\" class=\"fw-toggle-summary\">MOSTRAR RESUMEN<\/button>\n                            <div id=\"wizard-summary\" class=\"fw-wizard-summary\" style=\"display:none;\" data-showsummary=\"on\">\n                            <div class=\"fw-summary-alert\">Algunos campos obligatorios est\u00e1n vac\u00edos<br>Por favor comprueba los campos resaltados<\/div>\n                            <\/div>\n                        <\/div>\n                                            <button type=\"button\" class=\"fw-btn-submit\">Enviar<\/button>\n                                <div class=\"fw-clearfix\"><\/div>\n            <\/div>\n                    <\/div>\n    <\/div>\n        <div class=\"fw-wizard-button-container\">\n        <div class=\"fw-container\">\n            <div class=\"fw-wizard-buttons\">\n                <button class=\"fw-button-previous\"><i class=\"fa fa-arrow-circle-left\" aria-hidden=\"true\"><\/i> &nbsp;Paso previo <\/button>\n                <button class=\"fw-button-next\">Pr\u00f3ximo paso &nbsp;<i class=\"fa fa-arrow-circle-right\" aria-hidden=\"true\"><\/i><\/button>\n            <\/div>\n        <\/div>\n    <\/div>\n        <div class=\"fw-alert-user\" style=\"display:none;\"><\/div>\n<\/div>\n[\/vc_column_text][\/vc_column][\/vc_row]<\/p>\n<\/div>","protected":false},"excerpt":{"rendered":"<p>[vc_row css=&#8221;.vc_custom_1572663773243{margin-bottom: 10px !important;}&#8221;][vc_column][vc_column_text][\/vc_column_text][\/vc_column][\/vc_row]<\/p>\n","protected":false},"author":7,"featured_media":0,"parent":0,"menu_order":0,"comment_status":"closed","ping_status":"closed","template":"","meta":{"footnotes":""},"_links":{"self":[{"href":"https:\/\/alive.uy\/pt-br\/wp-json\/wp\/v2\/pages\/9893"}],"collection":[{"href":"https:\/\/alive.uy\/pt-br\/wp-json\/wp\/v2\/pages"}],"about":[{"href":"https:\/\/alive.uy\/pt-br\/wp-json\/wp\/v2\/types\/page"}],"author":[{"embeddable":true,"href":"https:\/\/alive.uy\/pt-br\/wp-json\/wp\/v2\/users\/7"}],"replies":[{"embeddable":true,"href":"https:\/\/alive.uy\/pt-br\/wp-json\/wp\/v2\/comments?post=9893"}],"version-history":[{"count":1,"href":"https:\/\/alive.uy\/pt-br\/wp-json\/wp\/v2\/pages\/9893\/revisions"}],"predecessor-version":[{"id":9894,"href":"https:\/\/alive.uy\/pt-br\/wp-json\/wp\/v2\/pages\/9893\/revisions\/9894"}],"wp:attachment":[{"href":"https:\/\/alive.uy\/pt-br\/wp-json\/wp\/v2\/media?parent=9893"}],"curies":[{"name":"wp","href":"https:\/\/api.w.org\/{rel}","templated":true}]}}